{"id":152,"date":"2025-03-27T13:38:31","date_gmt":"2025-03-27T13:38:31","guid":{"rendered":"https:\/\/www.bcerezasophrohyp.fr\/?page_id=152"},"modified":"2025-04-25T17:13:05","modified_gmt":"2025-04-25T17:13:05","slug":"cancer","status":"publish","type":"page","link":"https:\/\/www.bcerezasophrohyp.fr\/?page_id=152","title":{"rendered":"Cancer"},"content":{"rendered":"\n<h4 class=\"wp-block-heading has-text-align-center has-ast-global-color-8-color has-text-color has-link-color wp-elements-adfb8a35c919ac5143f704f336ecd0d2\" style=\"font-size:25px\">La Sophrologie : Un<mark style=\"background-color:rgba(0, 0, 0, 0)\" class=\"has-inline-color has-ast-global-color-7-color\"> Soutien Pr\u00e9cieux <\/mark>dans la Lutte Contre le Cancer<\/h4>\n\n\n\n<p style=\"font-size:15px\">La sophrologie,<mark style=\"background-color:rgba(0, 0, 0, 0);color:#921160\" class=\"has-inline-color\"> m\u00e9thode psycho-corporelle<\/mark> alliant relaxation, respiration et visualisation positive, s\u2019impose comme un accompagnement pr\u00e9cieux pour les personnes atteintes de cancer. Bien qu\u2019elle ne remplace pas les traitements m\u00e9dicaux, elle agit en compl\u00e9ment pour am\u00e9liorer la qualit\u00e9 de vie des patients.<\/p>\n\n\n\n<p><\/p>\n\n\n\n<hr class=\"wp-block-separator has-alpha-channel-opacity\"\/>\n\n\n\n<h4 class=\"wp-block-heading has-text-align-center\" style=\"font-size:20px\"><mark style=\"background-color:rgba(0, 0, 0, 0);color:#b74c69\" class=\"has-inline-color\">Les Bienfaits de la Sophrologie sur le Cancer<\/mark><\/h4>\n\n\n\n<div class=\"wp-block-media-text has-media-on-the-right is-stacked-on-mobile\" style=\"grid-template-columns:auto 35%\"><div class=\"wp-block-media-text__content\">\n<ul class=\"wp-block-list\">\n<li><strong>R\u00e9duction du Stress et de l\u2019Anxi\u00e9t\u00e9<br><\/strong>L\u2019annonce d\u2019un cancer et son traitement sont souvent sources d\u2019angoisse. Gr\u00e2ce \u00e0 des exercices de respiration et de relaxation, la sophrologie aide \u00e0 calmer l\u2019esprit et \u00e0 <mark style=\"background-color:rgba(0, 0, 0, 0);color:#b1286e\" class=\"has-inline-color\">diminuer le stress.<\/mark><\/li>\n<\/ul>\n\n\n\n<ul class=\"wp-block-list\">\n<li><strong>Gestion des Effets Secondaires<\/strong><br>La chimioth\u00e9rapie et la radioth\u00e9rapie provoquent fatigue, naus\u00e9es et douleurs. La sophrologie permet de mieux tol\u00e9rer ces effets en apportant une d\u00e9tente profonde et en <mark style=\"background-color:rgba(0, 0, 0, 0);color:#bf3477\" class=\"has-inline-color\">favorisant une meilleure r\u00e9cup\u00e9ration<\/mark>.<\/li>\n<\/ul>\n\n\n\n<ul class=\"wp-block-list\">\n<li><strong>Renforcement du Mental et de la Motivation<\/strong><br>Se projeter positivement dans la gu\u00e9rison est essentiel. Par des techniques de visualisation, la sophrologie aide \u00e0 maintenir une <mark style=\"background-color:rgba(0, 0, 0, 0);color:#cb4794\" class=\"has-inline-color\">attitude optimiste<\/mark> et \u00e0 renforcer la combativit\u00e9 face \u00e0 la maladie.<\/li>\n<\/ul>\n\n\n\n<ul class=\"wp-block-list\">\n<li><strong>Am\u00e9lioration du Sommeil<\/strong><br>Les troubles du sommeil sont fr\u00e9quents chez les patients atteints de cancer. En instaurant un \u00e9tat de relaxation avant le coucher, la sophrologie <mark style=\"background-color:rgba(0, 0, 0, 0);color:#c53b8b\" class=\"has-inline-color\">favorise un sommeil<\/mark> plus r\u00e9parateur.<\/li>\n<\/ul>\n<\/div><figure class=\"wp-block-media-text__media\"><img loading=\"lazy\" decoding=\"async\" width=\"683\" height=\"1024\" src=\"https:\/\/www.bcerezasophrohyp.fr\/wp-content\/uploads\/2025\/04\/pexels-photo-8543126-683x1024.webp\" alt=\"\" class=\"wp-image-331 size-full\" srcset=\"https:\/\/www.bcerezasophrohyp.fr\/wp-content\/uploads\/2025\/04\/pexels-photo-8543126-683x1024.webp 683w, https:\/\/www.bcerezasophrohyp.fr\/wp-content\/uploads\/2025\/04\/pexels-photo-8543126-200x300.webp 200w, https:\/\/www.bcerezasophrohyp.fr\/wp-content\/uploads\/2025\/04\/pexels-photo-8543126-768x1151.webp 768w, https:\/\/www.bcerezasophrohyp.fr\/wp-content\/uploads\/2025\/04\/pexels-photo-8543126-1025x1536.webp 1025w, https:\/\/www.bcerezasophrohyp.fr\/wp-content\/uploads\/2025\/04\/pexels-photo-8543126.webp 1200w\" sizes=\"auto, (max-width: 683px) 100vw, 683px\" \/><\/figure><\/div>\n\n\n\n<p><\/p>\n\n\n\n<hr class=\"wp-block-separator has-alpha-channel-opacity\"\/>\n\n\n\n<p><\/p>\n\n\n\n<div class=\"wp-block-uagb-container uagb-block-a45524ad alignfull uagb-is-root-container\"><div class=\"uagb-container-inner-blocks-wrap\">\n<div class=\"wp-block-uagb-container uagb-block-9f04f894\">\n<figure class=\"wp-block-image size-full\"><img loading=\"lazy\" decoding=\"async\" width=\"612\" height=\"408\" src=\"https:\/\/www.bcerezasophrohyp.fr\/wp-content\/uploads\/2025\/03\/istockphoto-1347655015-612x612-2.jpg\" alt=\"\" class=\"wp-image-166\" srcset=\"https:\/\/www.bcerezasophrohyp.fr\/wp-content\/uploads\/2025\/03\/istockphoto-1347655015-612x612-2.jpg 612w, https:\/\/www.bcerezasophrohyp.fr\/wp-content\/uploads\/2025\/03\/istockphoto-1347655015-612x612-2-300x200.jpg 300w\" sizes=\"auto, (max-width: 612px) 100vw, 612px\" \/><\/figure>\n<\/div>\n\n\n\n<div class=\"wp-block-uagb-container uagb-block-1d89a59b\">\n<figure class=\"wp-block-image size-large\"><img loading=\"lazy\" decoding=\"async\" width=\"1024\" height=\"683\" src=\"https:\/\/www.bcerezasophrohyp.fr\/wp-content\/uploads\/2025\/03\/pexels-photo-5482987-1024x683.webp\" alt=\"\" class=\"wp-image-165\" srcset=\"https:\/\/www.bcerezasophrohyp.fr\/wp-content\/uploads\/2025\/03\/pexels-photo-5482987-1024x683.webp 1024w, https:\/\/www.bcerezasophrohyp.fr\/wp-content\/uploads\/2025\/03\/pexels-photo-5482987-300x200.webp 300w, https:\/\/www.bcerezasophrohyp.fr\/wp-content\/uploads\/2025\/03\/pexels-photo-5482987-768x512.webp 768w, https:\/\/www.bcerezasophrohyp.fr\/wp-content\/uploads\/2025\/03\/pexels-photo-5482987.webp 1200w\" sizes=\"auto, (max-width: 1024px) 100vw, 1024px\" \/><\/figure>\n<\/div>\n<\/div><\/div>\n\n\n\n<p style=\"font-size:15px\">La sophrologie repr\u00e9sente ainsi une ressource pr\u00e9cieuse pour <mark style=\"background-color:rgba(0, 0, 0, 0);color:#9c106f\" class=\"has-inline-color\">accompagner<\/mark> les personnes dans leur combat contre le cancer, en leur apportant un mieux-\u00eatre physique et psychologique.<\/p>\n\n\n\n<div class=\"wp-block-uagb-buttons uagb-buttons__outer-wrap uagb-btn__default-btn uagb-btn-tablet__default-btn uagb-btn-mobile__default-btn uagb-block-887821cb\"><div class=\"uagb-buttons__wrap uagb-buttons-layout-wrap \">\n<div class=\"wp-block-uagb-buttons-child uagb-buttons__outer-wrap uagb-block-61a633f1 wp-block-button\"><div class=\"uagb-button__wrapper\"><a class=\"uagb-buttons-repeater wp-block-button__link\" aria-label=\"\" href=\"https:\/\/www.bcerezasophrohyp.fr\/?page_id=30\" rel=\"follow noopener\" target=\"_self\" role=\"button\"><div class=\"uagb-button__link\">Prendre RDV<\/div><\/a><\/div><\/div>\n<\/div><\/div>\n\n\n\n<p><\/p>\n","protected":false},"excerpt":{"rendered":"<p>La Sophrologie : Un Soutien Pr\u00e9cieux dans la Lutte Contre le Cancer La sophrologie, m\u00e9thode psycho-corporelle alliant relaxation, respiration et visualisation positive, s\u2019impose comme un accompagnement pr\u00e9cieux pour les personnes atteintes de cancer. Bien qu\u2019elle ne remplace pas les traitements m\u00e9dicaux, elle agit en compl\u00e9ment pour am\u00e9liorer la qualit\u00e9 de vie des patients. Les Bienfaits [&hellip;]<\/p>\n","protected":false},"author":4,"featured_media":0,"parent":0,"menu_order":0,"comment_status":"closed","ping_status":"closed","template":"","meta":{"_uag_custom_page_level_css":"","site-sidebar-layout":"default","site-content-layout":"","ast-site-content-layout":"","site-content-style":"default","site-sidebar-style":"default","ast-global-header-display":"","ast-banner-title-visibility":"","ast-main-header-display":"","ast-hfb-above-header-display":"","ast-hfb-below-header-display":"","ast-hfb-mobile-header-display":"","site-post-title":"","ast-breadcrumbs-content":"","ast-featured-img":"","footer-sml-layout":"","theme-transparent-header-meta":"","adv-header-id-meta":"","stick-header-meta":"","header-above-stick-meta":"","header-main-stick-meta":"","header-below-stick-meta":"","astra-migrate-meta-layouts":"default","ast-page-background-enabled":"default","ast-page-background-meta":{"desktop":{"background-color":"var(--ast-global-color-4)","background-image":"","background-repeat":"repeat","background-position":"center center","background-size":"auto","background-attachment":"scroll","background-type":"","background-media":"","overlay-type":"","overlay-color":"","overlay-opacity":"","overlay-gradient":""},"tablet":{"background-color":"","background-image":"","background-repeat":"repeat","background-position":"center center","background-size":"auto","background-attachment":"scroll","background-type":"","background-media":"","overlay-type":"","overlay-color":"","overlay-opacity":"","overlay-gradient":""},"mobile":{"background-color":"","background-image":"","background-repeat":"repeat","background-position":"center center","background-size":"auto","background-attachment":"scroll","background-type":"","background-media":"","overlay-type":"","overlay-color":"","overlay-opacity":"","overlay-gradient":""}},"ast-content-background-meta":{"desktop":{"background-color":"var(--ast-global-color-5)","background-image":"","background-repeat":"repeat","background-position":"center center","background-size":"auto","background-attachment":"scroll","background-type":"","background-media":"","overlay-type":"","overlay-color":"","overlay-opacity":"","overlay-gradient":""},"tablet":{"background-color":"var(--ast-global-color-5)","background-image":"","background-repeat":"repeat","background-position":"center center","background-size":"auto","background-attachment":"scroll","background-type":"","background-media":"","overlay-type":"","overlay-color":"","overlay-opacity":"","overlay-gradient":""},"mobile":{"background-color":"var(--ast-global-color-5)","background-image":"","background-repeat":"repeat","background-position":"center center","background-size":"auto","background-attachment":"scroll","background-type":"","background-media":"","overlay-type":"","overlay-color":"","overlay-opacity":"","overlay-gradient":""}},"footnotes":""},"class_list":["post-152","page","type-page","status-publish","hentry"],"uagb_featured_image_src":{"full":false,"thumbnail":false,"medium":false,"medium_large":false,"large":false,"1536x1536":false,"2048x2048":false},"uagb_author_info":{"display_name":"chloe jerome","author_link":"https:\/\/www.bcerezasophrohyp.fr\/?author=4"},"uagb_comment_info":0,"uagb_excerpt":"La Sophrologie : Un Soutien Pr\u00e9cieux dans la Lutte Contre le Cancer La sophrologie, m\u00e9thode psycho-corporelle alliant relaxation, respiration et visualisation positive, s\u2019impose comme un accompagnement pr\u00e9cieux pour les personnes atteintes de cancer. Bien qu\u2019elle ne remplace pas les traitements m\u00e9dicaux, elle agit en compl\u00e9ment pour am\u00e9liorer la qualit\u00e9 de vie des patients. Les Bienfaits\u2026","_links":{"self":[{"href":"https:\/\/www.bcerezasophrohyp.fr\/index.php?rest_route=\/wp\/v2\/pages\/152","targetHints":{"allow":["GET"]}}],"collection":[{"href":"https:\/\/www.bcerezasophrohyp.fr\/index.php?rest_route=\/wp\/v2\/pages"}],"about":[{"href":"https:\/\/www.bcerezasophrohyp.fr\/index.php?rest_route=\/wp\/v2\/types\/page"}],"author":[{"embeddable":true,"href":"https:\/\/www.bcerezasophrohyp.fr\/index.php?rest_route=\/wp\/v2\/users\/4"}],"replies":[{"embeddable":true,"href":"https:\/\/www.bcerezasophrohyp.fr\/index.php?rest_route=%2Fwp%2Fv2%2Fcomments&post=152"}],"version-history":[{"count":23,"href":"https:\/\/www.bcerezasophrohyp.fr\/index.php?rest_route=\/wp\/v2\/pages\/152\/revisions"}],"predecessor-version":[{"id":333,"href":"https:\/\/www.bcerezasophrohyp.fr\/index.php?rest_route=\/wp\/v2\/pages\/152\/revisions\/333"}],"wp:attachment":[{"href":"https:\/\/www.bcerezasophrohyp.fr\/index.php?rest_route=%2Fwp%2Fv2%2Fmedia&parent=152"}],"curies":[{"name":"wp","href":"https:\/\/api.w.org\/{rel}","templated":true}]}}