{"id":154,"date":"2025-03-27T13:39:00","date_gmt":"2025-03-27T13:39:00","guid":{"rendered":"https:\/\/www.bcerezasophrohyp.fr\/?page_id=154"},"modified":"2025-04-25T18:14:55","modified_gmt":"2025-04-25T18:14:55","slug":"endometriose","status":"publish","type":"page","link":"https:\/\/www.bcerezasophrohyp.fr\/?page_id=154","title":{"rendered":"Endom\u00e9triose"},"content":{"rendered":"\n<div class=\"wp-block-cover is-light\"><span aria-hidden=\"true\" class=\"wp-block-cover__background has-background-dim\" style=\"background-color:#aaa19b\"><\/span><img loading=\"lazy\" decoding=\"async\" width=\"2250\" height=\"1500\" class=\"wp-block-cover__image-background wp-image-192\" alt=\"\" src=\"https:\/\/www.bcerezasophrohyp.fr\/wp-content\/uploads\/2025\/04\/pexels-photo-5938364.webp\" data-object-fit=\"cover\" srcset=\"https:\/\/www.bcerezasophrohyp.fr\/wp-content\/uploads\/2025\/04\/pexels-photo-5938364.webp 2250w, https:\/\/www.bcerezasophrohyp.fr\/wp-content\/uploads\/2025\/04\/pexels-photo-5938364-300x200.webp 300w, https:\/\/www.bcerezasophrohyp.fr\/wp-content\/uploads\/2025\/04\/pexels-photo-5938364-1024x683.webp 1024w, https:\/\/www.bcerezasophrohyp.fr\/wp-content\/uploads\/2025\/04\/pexels-photo-5938364-768x512.webp 768w, https:\/\/www.bcerezasophrohyp.fr\/wp-content\/uploads\/2025\/04\/pexels-photo-5938364-1536x1024.webp 1536w, https:\/\/www.bcerezasophrohyp.fr\/wp-content\/uploads\/2025\/04\/pexels-photo-5938364-2048x1365.webp 2048w\" sizes=\"auto, (max-width: 2250px) 100vw, 2250px\" \/><div class=\"wp-block-cover__inner-container is-layout-constrained wp-block-cover-is-layout-constrained\">\n<p class=\"has-text-align-center has-ast-global-color-8-color has-text-color has-link-color has-large-font-size wp-elements-1e94999f07a5e784c0621568265feab4\">L&rsquo;endom\u00e9triose :<\/p>\n<\/div><\/div>\n\n\n\n<p class=\"has-text-color has-link-color wp-elements-f2875bc16c2e322149e2729d3b7648e1\" style=\"color:#c7e5d8\"><\/p>\n\n\n\n<div class=\"wp-block-uagb-advanced-heading uagb-block-444379dd\"><h4 class=\"uagb-heading-text\">Un chemin d&rsquo;apaisement face \u00e0 la douleur<em><strong> <\/strong><\/em>:<\/h4><\/div>\n\n\n\n<p><\/p>\n\n\n\n<p>L&rsquo;endom\u00e9triose est une maladie chronique touchant de nombreuses femmes. Elle se caract\u00e9rise par la pr\u00e9sence de tissu semblable \u00e0 la muqueuse ut\u00e9rine en dehors de l&rsquo;ut\u00e9rus. Cette condition peut entra\u00eener douleurs pelviennes intenses, fatigue chronique et parfois difficult\u00e9s de conception. Face \u00e0 ce parcours exigeant, la sophrologie propose une approche compl\u00e9mentaire bienveillante.<\/p>\n\n\n\n<div class=\"wp-block-uagb-advanced-heading uagb-block-5b29f56d\"><h4 class=\"uagb-heading-text\">Gestion des douleurs :<\/h4><\/div>\n\n\n\n<p><\/p>\n\n\n\n<div class=\"wp-block-media-text has-media-on-the-right is-stacked-on-mobile\" style=\"grid-template-columns:auto 46%\"><div class=\"wp-block-media-text__content\">\n<ul class=\"wp-block-list\"><\/ul>\n\n\n\n<ul class=\"wp-block-list\">\n<li>La sophrologie offre des techniques respiratoires sp\u00e9cifiques qui permettent de moduler la perception de la douleur pendant les crises. <\/li>\n<\/ul>\n\n\n\n<ul class=\"wp-block-list\">\n<li>Les exercices de relaxation dynamique favorisent la d\u00e9tente musculaire profonde, particuli\u00e8rement au niveau abdominal et pelvien, r\u00e9duisant ainsi les tensions qui amplifient l&rsquo;inconfort.<\/li>\n<\/ul>\n<\/div><figure class=\"wp-block-media-text__media\"><img loading=\"lazy\" decoding=\"async\" width=\"612\" height=\"343\" src=\"https:\/\/www.bcerezasophrohyp.fr\/wp-content\/uploads\/2025\/04\/istockphoto-1286693128-612x612-1.jpg\" alt=\"\" class=\"wp-image-361 size-full\" srcset=\"https:\/\/www.bcerezasophrohyp.fr\/wp-content\/uploads\/2025\/04\/istockphoto-1286693128-612x612-1.jpg 612w, https:\/\/www.bcerezasophrohyp.fr\/wp-content\/uploads\/2025\/04\/istockphoto-1286693128-612x612-1-300x168.jpg 300w\" sizes=\"auto, (max-width: 612px) 100vw, 612px\" \/><\/figure><\/div>\n\n\n\n<p><\/p>\n\n\n\n<div class=\"wp-block-uagb-advanced-heading uagb-block-75944e6c\"><h4 class=\"uagb-heading-text\">La sophrologie offre des outils concrets<em><strong> <\/strong><\/em><\/h4><\/div>\n\n\n\n<p><\/p>\n\n\n\n<div class=\"wp-block-uagb-icon-list uagb-block-bbf22912\"><div class=\"uagb-icon-list__wrap\">\n<div class=\"wp-block-uagb-icon-list-child uagb-block-37aac44e\"><span class=\"uagb-icon-list__source-wrap\"><svg xmlns=\"https:\/\/www.w3.org\/2000\/svg\" viewBox=\"0 0 448 512\"><path d=\"M438.6 105.4C451.1 117.9 451.1 138.1 438.6 150.6L182.6 406.6C170.1 419.1 149.9 419.1 137.4 406.6L9.372 278.6C-3.124 266.1-3.124 245.9 9.372 233.4C21.87 220.9 42.13 220.9 54.63 233.4L159.1 338.7L393.4 105.4C405.9 92.88 426.1 92.88 438.6 105.4H438.6z\"><\/path><\/svg><\/span><span class=\"uagb-icon-list__label\">Moduler la perception des douleurs pelviennes par des techniques respiratoires sp\u00e9cifiques<\/span><\/div>\n\n\n\n<div class=\"wp-block-uagb-icon-list-child uagb-block-487967cf\"><span class=\"uagb-icon-list__source-wrap\"><svg xmlns=\"https:\/\/www.w3.org\/2000\/svg\" viewBox=\"0 0 448 512\"><path d=\"M438.6 105.4C451.1 117.9 451.1 138.1 438.6 150.6L182.6 406.6C170.1 419.1 149.9 419.1 137.4 406.6L9.372 278.6C-3.124 266.1-3.124 245.9 9.372 233.4C21.87 220.9 42.13 220.9 54.63 233.4L159.1 338.7L393.4 105.4C405.9 92.88 426.1 92.88 438.6 105.4H438.6z\"><\/path><\/svg><\/span><span class=\"uagb-icon-list__label\">R\u00e9duire les tensions musculaires abdominales qui amplifient l&rsquo;inconfort<\/span><\/div>\n\n\n\n<div class=\"wp-block-uagb-icon-list-child uagb-block-8c6642b0\"><span class=\"uagb-icon-list__source-wrap\"><svg xmlns=\"https:\/\/www.w3.org\/2000\/svg\" viewBox=\"0 0 448 512\"><path d=\"M438.6 105.4C451.1 117.9 451.1 138.1 438.6 150.6L182.6 406.6C170.1 419.1 149.9 419.1 137.4 406.6L9.372 278.6C-3.124 266.1-3.124 245.9 9.372 233.4C21.87 220.9 42.13 220.9 54.63 233.4L159.1 338.7L393.4 105.4C405.9 92.88 426.1 92.88 438.6 105.4H438.6z\"><\/path><\/svg><\/span><span class=\"uagb-icon-list__label\">D\u00e9velopper des strat\u00e9gies d&rsquo;adaptation aux crises douloureuses<\/span><\/div>\n\n\n\n<div class=\"wp-block-uagb-icon-list-child uagb-block-3b9f6a3e\"><span class=\"uagb-icon-list__source-wrap\"><svg xmlns=\"https:\/\/www.w3.org\/2000\/svg\" viewBox=\"0 0 448 512\"><path d=\"M438.6 105.4C451.1 117.9 451.1 138.1 438.6 150.6L182.6 406.6C170.1 419.1 149.9 419.1 137.4 406.6L9.372 278.6C-3.124 266.1-3.124 245.9 9.372 233.4C21.87 220.9 42.13 220.9 54.63 233.4L159.1 338.7L393.4 105.4C405.9 92.88 426.1 92.88 438.6 105.4H438.6z\"><\/path><\/svg><\/span><span class=\"uagb-icon-list__label\">Am\u00e9liorer la qualit\u00e9 du sommeil souvent perturb\u00e9 par les sympt\u00f4mes<\/span><\/div>\n<\/div><\/div>\n\n\n\n<p><\/p>\n\n\n\n<div class=\"wp-block-uagb-advanced-heading uagb-block-f6a19ac3\"><h4 class=\"uagb-heading-text\">Harmonie corps esprit :<\/h4><\/div>\n\n\n\n<p><\/p>\n\n\n\n<div class=\"wp-block-media-text is-stacked-on-mobile\" style=\"grid-template-columns:43% auto\"><figure class=\"wp-block-media-text__media\"><img loading=\"lazy\" decoding=\"async\" width=\"1024\" height=\"683\" src=\"https:\/\/www.bcerezasophrohyp.fr\/wp-content\/uploads\/2025\/04\/pexels-photo-6539895-1024x683.jpeg\" alt=\"\" class=\"wp-image-357 size-full\" srcset=\"https:\/\/www.bcerezasophrohyp.fr\/wp-content\/uploads\/2025\/04\/pexels-photo-6539895-1024x683.jpeg 1024w, https:\/\/www.bcerezasophrohyp.fr\/wp-content\/uploads\/2025\/04\/pexels-photo-6539895-300x200.jpeg 300w, https:\/\/www.bcerezasophrohyp.fr\/wp-content\/uploads\/2025\/04\/pexels-photo-6539895-768x512.jpeg 768w, https:\/\/www.bcerezasophrohyp.fr\/wp-content\/uploads\/2025\/04\/pexels-photo-6539895.jpeg 1200w\" sizes=\"auto, (max-width: 1024px) 100vw, 1024px\" \/><\/figure><div class=\"wp-block-media-text__content\">\n<ul class=\"wp-block-list\">\n<li>Par des visualisations positives et des exercices de conscience corporelle, la sophrologie aide \u00e0 restaurer une relation apais\u00e9e avec son corps. <\/li>\n<\/ul>\n\n\n\n<ul class=\"wp-block-list\">\n<li>Cette r\u00e9conciliation est essentielle face \u00e0 une maladie qui peut cr\u00e9er un sentiment d&rsquo;ali\u00e9nation vis-\u00e0-vis de son propre organisme. <\/li>\n<\/ul>\n\n\n\n<ul class=\"wp-block-list\">\n<li>Par des pratiques r\u00e9guli\u00e8res, la sophrologie favorise :<\/li>\n<\/ul>\n<\/div><\/div>\n\n\n\n<p><\/p>\n\n\n\n<div class=\"wp-block-uagb-icon-list uagb-block-33316923\"><div class=\"uagb-icon-list__wrap\">\n<div class=\"wp-block-uagb-icon-list-child uagb-block-aa7e8dc6\"><span class=\"uagb-icon-list__source-wrap\"><svg xmlns=\"https:\/\/www.w3.org\/2000\/svg\" viewBox=\"0 0 448 512\"><path d=\"M438.6 105.4C451.1 117.9 451.1 138.1 438.6 150.6L182.6 406.6C170.1 419.1 149.9 419.1 137.4 406.6L9.372 278.6C-3.124 266.1-3.124 245.9 9.372 233.4C21.87 220.9 42.13 220.9 54.63 233.4L159.1 338.7L393.4 105.4C405.9 92.88 426.1 92.88 438.6 105.4H438.6z\"><\/path><\/svg><\/span><span class=\"uagb-icon-list__label\">Une reconnexion positive avec les sensations corporelles<\/span><\/div>\n\n\n\n<div class=\"wp-block-uagb-icon-list-child uagb-block-044172e6\"><span class=\"uagb-icon-list__source-wrap\"><svg xmlns=\"https:\/\/www.w3.org\/2000\/svg\" viewBox=\"0 0 448 512\"><path d=\"M438.6 105.4C451.1 117.9 451.1 138.1 438.6 150.6L182.6 406.6C170.1 419.1 149.9 419.1 137.4 406.6L9.372 278.6C-3.124 266.1-3.124 245.9 9.372 233.4C21.87 220.9 42.13 220.9 54.63 233.4L159.1 338.7L393.4 105.4C405.9 92.88 426.1 92.88 438.6 105.4H438.6z\"><\/path><\/svg><\/span><span class=\"uagb-icon-list__label\">L&rsquo;acceptation bienveillante des limites impos\u00e9es par la maladie<\/span><\/div>\n\n\n\n<div class=\"wp-block-uagb-icon-list-child uagb-block-3f4fcc99\"><span class=\"uagb-icon-list__source-wrap\"><svg xmlns=\"https:\/\/www.w3.org\/2000\/svg\" viewBox=\"0 0 448 512\"><path d=\"M438.6 105.4C451.1 117.9 451.1 138.1 438.6 150.6L182.6 406.6C170.1 419.1 149.9 419.1 137.4 406.6L9.372 278.6C-3.124 266.1-3.124 245.9 9.372 233.4C21.87 220.9 42.13 220.9 54.63 233.4L159.1 338.7L393.4 105.4C405.9 92.88 426.1 92.88 438.6 105.4H438.6z\"><\/path><\/svg><\/span><span class=\"uagb-icon-list__label\">La reprise d&rsquo;autonomie dans la gestion quotidienne des sympt\u00f4mes<\/span><\/div>\n\n\n\n<div class=\"wp-block-uagb-icon-list-child uagb-block-ad5f21d7\"><span class=\"uagb-icon-list__source-wrap\"><svg xmlns=\"https:\/\/www.w3.org\/2000\/svg\" viewBox=\"0 0 448 512\"><path d=\"M438.6 105.4C451.1 117.9 451.1 138.1 438.6 150.6L182.6 406.6C170.1 419.1 149.9 419.1 137.4 406.6L9.372 278.6C-3.124 266.1-3.124 245.9 9.372 233.4C21.87 220.9 42.13 220.9 54.63 233.4L159.1 338.7L393.4 105.4C405.9 92.88 426.1 92.88 438.6 105.4H438.6z\"><\/path><\/svg><\/span><span class=\"uagb-icon-list__label\">L&rsquo;activation des capacit\u00e9s d&rsquo;autogu\u00e9rison du corps<\/span><\/div>\n<\/div><\/div>\n\n\n\n<p><\/p>\n\n\n\n<div class=\"wp-block-uagb-advanced-heading uagb-block-903676f8\"><h4 class=\"uagb-heading-text\">\u00c9quilibre \u00e9motionnel :<\/h4><\/div>\n\n\n\n<p><\/p>\n\n\n\n<p>L&rsquo;endom\u00e9triose peut g\u00e9n\u00e9rer frustration, incompr\u00e9hension et anxi\u00e9t\u00e9. Les techniques sophrologiques favorisent l&rsquo;accueil des \u00e9motions sans jugement et renforcent les ressources int\u00e9rieures pour faire face aux d\u00e9fis quotidiens avec plus de s\u00e9r\u00e9nit\u00e9.<\/p>\n\n\n\n<ul class=\"wp-block-list\">\n<li>Accueillir les \u00e9motions difficiles (col\u00e8re, frustration, anxi\u00e9t\u00e9) sans jugement<\/li>\n\n\n\n<li>R\u00e9duire l&rsquo;impact du stress sur l&rsquo;inflammation et les douleurs<\/li>\n\n\n\n<li>Restaurer l&rsquo;estime de soi parfois affect\u00e9e par la maladie<\/li>\n\n\n\n<li>D\u00e9velopper des ressources int\u00e9rieures pour faire face au parcours m\u00e9dical<\/li>\n<\/ul>\n\n\n\n<div class=\"wp-block-uagb-advanced-heading uagb-block-42516bf4\"><h4 class=\"uagb-heading-text\">Un accompagnement cibl\u00e9 pour soulager et reprendre le contr\u00f4le :<\/h4><\/div>\n\n\n\n<p><\/p>\n\n\n\n<p>La sophrologie constitue un compl\u00e9ment pr\u00e9cieux au suivi m\u00e9dical de l&rsquo;endom\u00e9triose, offrant aux femmes concern\u00e9es des moments de r\u00e9pit et des comp\u00e9tences durables pour am\u00e9liorer leur qualit\u00e9 de vie face \u00e0 cette maladie chronique.<\/p>\n\n\n\t\t\t\t\t<div\n\t\t\t\t\t\tclass=\"wp-block-uagb-image-gallery uagb-block-917c5fab     \"\n\t\t\t\t\t\tstyle=\"\"\n\t\t\t\t\t>\n\t\t\t\t\t\t\t\t\t\t\t<div data-aos= \"fade-down\" data-aos-duration=\"400\" data-aos-delay=\"0\" data-aos-easing=\"ease\" data-aos-once=\"true\" class=\"spectra-image-gallery spectra-image-gallery__layout--carousel\">\n\t\t\t\t\t\t\t\t<div class=\"uagb-slick-carousel uagb-block-917c5fab\">\n\t\t\t\t\t\t\t\t\t\t\t\t<div class='spectra-image-gallery__media-wrapper' data-spectra-gallery-image-id='218'>\n\t\t\t\t\t\t\t<div class=\"spectra-image-gallery__media spectra-image-gallery__media--carousel\">\n\t\t\t\t<picture>\n\t\t\t\t\t<source media=\"(min-width: 1024px)\" srcset=\"https:\/\/www.bcerezasophrohyp.fr\/wp-content\/uploads\/2025\/04\/pexels-photo-11352554-1024x684.webp\">\n\t\t\t\t\t<source media=\"(min-width: 768px)\" srcset=\"https:\/\/www.bcerezasophrohyp.fr\/wp-content\/uploads\/2025\/04\/pexels-photo-11352554-1024x684.webp\">\n\t\t\t\t\t<img decoding=\"async\" class=\"spectra-image-gallery__media-thumbnail spectra-image-gallery__media-thumbnail--carousel\" src=\"https:\/\/www.bcerezasophrohyp.fr\/wp-content\/uploads\/2025\/04\/pexels-photo-11352554-300x200.webp\" alt=\"\" loading=\"lazy\" \/>\n\t\t\t\t<\/picture>\n\t\t\t\t<div class=\"spectra-image-gallery__media-thumbnail-blurrer\"><\/div>\n\t\t\t\t\t\t\t\t\t\t\t<div class=\"spectra-image-gallery__media-thumbnail-caption-wrapper spectra-image-gallery__media-thumbnail-caption-wrapper--overlay\">\n\t\t\t\t\t\t\t\t\t\t\t<div class=\"spectra-image-gallery__media-thumbnail-caption spectra-image-gallery__media-thumbnail-caption--overlay\">\n\t\t\t\t\ttensions\t\t\t\t<\/div>\n\t\t\t\t\t\t\t\t\t\t<\/div>\n\t\t\t\t\t\t\t\t\t<\/div>\n\t\t\t\t\t\t<\/div>\n\t\t\t\t\t\t<div class='spectra-image-gallery__media-wrapper' data-spectra-gallery-image-id='217'>\n\t\t\t\t\t\t\t<div class=\"spectra-image-gallery__media spectra-image-gallery__media--carousel\">\n\t\t\t\t<picture>\n\t\t\t\t\t<source media=\"(min-width: 1024px)\" srcset=\"https:\/\/www.bcerezasophrohyp.fr\/wp-content\/uploads\/2025\/04\/pexels-photo-7663299-1024x683.webp\">\n\t\t\t\t\t<source media=\"(min-width: 768px)\" srcset=\"https:\/\/www.bcerezasophrohyp.fr\/wp-content\/uploads\/2025\/04\/pexels-photo-7663299-1024x683.webp\">\n\t\t\t\t\t<img decoding=\"async\" class=\"spectra-image-gallery__media-thumbnail spectra-image-gallery__media-thumbnail--carousel\" src=\"https:\/\/www.bcerezasophrohyp.fr\/wp-content\/uploads\/2025\/04\/pexels-photo-7663299-300x200.webp\" alt=\"\" loading=\"lazy\" \/>\n\t\t\t\t<\/picture>\n\t\t\t\t<div class=\"spectra-image-gallery__media-thumbnail-blurrer\"><\/div>\n\t\t\t\t\t\t\t\t\t\t\t<div class=\"spectra-image-gallery__media-thumbnail-caption-wrapper spectra-image-gallery__media-thumbnail-caption-wrapper--overlay\">\n\t\t\t\t\t\t\t\t\t\t\t<div class=\"spectra-image-gallery__media-thumbnail-caption spectra-image-gallery__media-thumbnail-caption--overlay\">\n\t\t\t\t\tdouleurs\t\t\t\t<\/div>\n\t\t\t\t\t\t\t\t\t\t<\/div>\n\t\t\t\t\t\t\t\t\t<\/div>\n\t\t\t\t\t\t<\/div>\n\t\t\t\t\t\t<div class='spectra-image-gallery__media-wrapper' data-spectra-gallery-image-id='216'>\n\t\t\t\t\t\t\t<div class=\"spectra-image-gallery__media spectra-image-gallery__media--carousel\">\n\t\t\t\t<picture>\n\t\t\t\t\t<source media=\"(min-width: 1024px)\" srcset=\"https:\/\/www.bcerezasophrohyp.fr\/wp-content\/uploads\/2025\/04\/pexels-photo-3807760-1024x716.webp\">\n\t\t\t\t\t<source media=\"(min-width: 768px)\" srcset=\"https:\/\/www.bcerezasophrohyp.fr\/wp-content\/uploads\/2025\/04\/pexels-photo-3807760-1024x716.webp\">\n\t\t\t\t\t<img decoding=\"async\" class=\"spectra-image-gallery__media-thumbnail spectra-image-gallery__media-thumbnail--carousel\" src=\"https:\/\/www.bcerezasophrohyp.fr\/wp-content\/uploads\/2025\/04\/pexels-photo-3807760-300x210.webp\" alt=\"\" loading=\"lazy\" \/>\n\t\t\t\t<\/picture>\n\t\t\t\t<div class=\"spectra-image-gallery__media-thumbnail-blurrer\"><\/div>\n\t\t\t\t\t\t\t\t\t\t\t<div class=\"spectra-image-gallery__media-thumbnail-caption-wrapper spectra-image-gallery__media-thumbnail-caption-wrapper--overlay\">\n\t\t\t\t\t\t\t\t\t\t\t<div class=\"spectra-image-gallery__media-thumbnail-caption spectra-image-gallery__media-thumbnail-caption--overlay\">\n\t\t\t\t\tperte de sommeil\t\t\t\t<\/div>\n\t\t\t\t\t\t\t\t\t\t<\/div>\n\t\t\t\t\t\t\t\t\t<\/div>\n\t\t\t\t\t\t<\/div>\n\t\t\t\t\t\t\t\t\t\t\t<\/div>\n\t\t\t\t\t\t\t<\/div>\n\t\t\t\t\t\t\t\t\t\t\t<\/div>\n\t\t\t\t\t\t\t\t\t\n\n\n<p><\/p>\n\n\n\n<p><\/p>\n\n\n\n<div class=\"wp-block-uagb-buttons uagb-buttons__outer-wrap uagb-btn__default-btn uagb-btn-tablet__default-btn uagb-btn-mobile__default-btn uagb-block-b29d4163\"><div class=\"uagb-buttons__wrap uagb-buttons-layout-wrap \">\n<div class=\"wp-block-uagb-buttons-child uagb-buttons__outer-wrap uagb-block-6a964c8f wp-block-button\"><div class=\"uagb-button__wrapper\"><a class=\"uagb-buttons-repeater wp-block-button__link\" aria-label=\"\" href=\"https:\/\/www.bcerezasophrohyp.fr\/?page_id=30\" rel=\"follow noopener\" target=\"_self\" role=\"button\"><div class=\"uagb-button__link\">Prendre RDV<\/div><\/a><\/div><\/div>\n<\/div><\/div>\n\n\n\n<p><\/p>\n","protected":false},"excerpt":{"rendered":"<p>Un chemin d&rsquo;apaisement face \u00e0 la douleur : L&rsquo;endom\u00e9triose est une maladie chronique touchant de nombreuses femmes. Elle se caract\u00e9rise par la pr\u00e9sence de tissu semblable \u00e0 la muqueuse ut\u00e9rine en dehors de l&rsquo;ut\u00e9rus. Cette condition peut entra\u00eener douleurs pelviennes intenses, fatigue chronique et parfois difficult\u00e9s de conception. Face \u00e0 ce parcours exigeant, la sophrologie [&hellip;]<\/p>\n","protected":false},"author":4,"featured_media":0,"parent":0,"menu_order":0,"comment_status":"closed","ping_status":"closed","template":"","meta":{"_uag_custom_page_level_css":"","site-sidebar-layout":"default","site-content-layout":"","ast-site-content-layout":"","site-content-style":"default","site-sidebar-style":"default","ast-global-header-display":"","ast-banner-title-visibility":"","ast-main-header-display":"","ast-hfb-above-header-display":"","ast-hfb-below-header-display":"","ast-hfb-mobile-header-display":"","site-post-title":"","ast-breadcrumbs-content":"","ast-featured-img":"","footer-sml-layout":"","theme-transparent-header-meta":"","adv-header-id-meta":"","stick-header-meta":"","header-above-stick-meta":"","header-main-stick-meta":"","header-below-stick-meta":"","astra-migrate-meta-layouts":"default","ast-page-background-enabled":"default","ast-page-background-meta":{"desktop":{"background-color":"var(--ast-global-color-4)","background-image":"","background-repeat":"repeat","background-position":"center center","background-size":"auto","background-attachment":"scroll","background-type":"","background-media":"","overlay-type":"","overlay-color":"","overlay-opacity":"","overlay-gradient":""},"tablet":{"background-color":"","background-image":"","background-repeat":"repeat","background-position":"center center","background-size":"auto","background-attachment":"scroll","background-type":"","background-media":"","overlay-type":"","overlay-color":"","overlay-opacity":"","overlay-gradient":""},"mobile":{"background-color":"","background-image":"","background-repeat":"repeat","background-position":"center center","background-size":"auto","background-attachment":"scroll","background-type":"","background-media":"","overlay-type":"","overlay-color":"","overlay-opacity":"","overlay-gradient":""}},"ast-content-background-meta":{"desktop":{"background-color":"var(--ast-global-color-5)","background-image":"","background-repeat":"repeat","background-position":"center center","background-size":"auto","background-attachment":"scroll","background-type":"","background-media":"","overlay-type":"","overlay-color":"","overlay-opacity":"","overlay-gradient":""},"tablet":{"background-color":"var(--ast-global-color-5)","background-image":"","background-repeat":"repeat","background-position":"center center","background-size":"auto","background-attachment":"scroll","background-type":"","background-media":"","overlay-type":"","overlay-color":"","overlay-opacity":"","overlay-gradient":""},"mobile":{"background-color":"var(--ast-global-color-5)","background-image":"","background-repeat":"repeat","background-position":"center center","background-size":"auto","background-attachment":"scroll","background-type":"","background-media":"","overlay-type":"","overlay-color":"","overlay-opacity":"","overlay-gradient":""}},"footnotes":""},"class_list":["post-154","page","type-page","status-publish","hentry"],"uagb_featured_image_src":{"full":false,"thumbnail":false,"medium":false,"medium_large":false,"large":false,"1536x1536":false,"2048x2048":false},"uagb_author_info":{"display_name":"chloe jerome","author_link":"https:\/\/www.bcerezasophrohyp.fr\/?author=4"},"uagb_comment_info":0,"uagb_excerpt":"Un chemin d&rsquo;apaisement face \u00e0 la douleur : L&rsquo;endom\u00e9triose est une maladie chronique touchant de nombreuses femmes. Elle se caract\u00e9rise par la pr\u00e9sence de tissu semblable \u00e0 la muqueuse ut\u00e9rine en dehors de l&rsquo;ut\u00e9rus. Cette condition peut entra\u00eener douleurs pelviennes intenses, fatigue chronique et parfois difficult\u00e9s de conception. Face \u00e0 ce parcours exigeant, la sophrologie\u2026","_links":{"self":[{"href":"https:\/\/www.bcerezasophrohyp.fr\/index.php?rest_route=\/wp\/v2\/pages\/154","targetHints":{"allow":["GET"]}}],"collection":[{"href":"https:\/\/www.bcerezasophrohyp.fr\/index.php?rest_route=\/wp\/v2\/pages"}],"about":[{"href":"https:\/\/www.bcerezasophrohyp.fr\/index.php?rest_route=\/wp\/v2\/types\/page"}],"author":[{"embeddable":true,"href":"https:\/\/www.bcerezasophrohyp.fr\/index.php?rest_route=\/wp\/v2\/users\/4"}],"replies":[{"embeddable":true,"href":"https:\/\/www.bcerezasophrohyp.fr\/index.php?rest_route=%2Fwp%2Fv2%2Fcomments&post=154"}],"version-history":[{"count":20,"href":"https:\/\/www.bcerezasophrohyp.fr\/index.php?rest_route=\/wp\/v2\/pages\/154\/revisions"}],"predecessor-version":[{"id":365,"href":"https:\/\/www.bcerezasophrohyp.fr\/index.php?rest_route=\/wp\/v2\/pages\/154\/revisions\/365"}],"wp:attachment":[{"href":"https:\/\/www.bcerezasophrohyp.fr\/index.php?rest_route=%2Fwp%2Fv2%2Fmedia&parent=154"}],"curies":[{"name":"wp","href":"https:\/\/api.w.org\/{rel}","templated":true}]}}