{"id":33,"date":"2024-11-14T14:43:27","date_gmt":"2024-11-14T14:43:27","guid":{"rendered":"https:\/\/www.bcerezasophrohyp.fr\/?page_id=33"},"modified":"2025-05-02T15:59:23","modified_gmt":"2025-05-02T15:59:23","slug":"accueil","status":"publish","type":"page","link":"https:\/\/www.bcerezasophrohyp.fr\/","title":{"rendered":"Accueil"},"content":{"rendered":"\n<div class=\"wp-block-cover is-light\" style=\"min-height:326px;aspect-ratio:unset;\"><span aria-hidden=\"true\" class=\"wp-block-cover__background has-background-dim\" style=\"background-color:#cac6c5\"><\/span><img loading=\"lazy\" decoding=\"async\" width=\"1200\" height=\"812\" class=\"wp-block-cover__image-background wp-image-409\" alt=\"\" src=\"https:\/\/www.bcerezasophrohyp.fr\/wp-content\/uploads\/2025\/05\/pexels-photo-2101187.webp\" data-object-fit=\"cover\" srcset=\"https:\/\/www.bcerezasophrohyp.fr\/wp-content\/uploads\/2025\/05\/pexels-photo-2101187.webp 1200w, https:\/\/www.bcerezasophrohyp.fr\/wp-content\/uploads\/2025\/05\/pexels-photo-2101187-300x203.webp 300w, https:\/\/www.bcerezasophrohyp.fr\/wp-content\/uploads\/2025\/05\/pexels-photo-2101187-1024x693.webp 1024w, https:\/\/www.bcerezasophrohyp.fr\/wp-content\/uploads\/2025\/05\/pexels-photo-2101187-768x520.webp 768w\" sizes=\"auto, (max-width: 1200px) 100vw, 1200px\" \/><div class=\"wp-block-cover__inner-container is-layout-constrained wp-block-cover-is-layout-constrained\">\n<p><\/p>\n\n\n\n<p class=\"has-text-align-center has-ast-global-color-3-color has-text-color has-link-color has-x-large-font-size wp-elements-a64f3b802c9f5942933b6e15f8be27dc\">Ce qu&rsquo;il faut savoir <\/p>\n<\/div><\/div>\n\n\n\n<p><\/p>\n\n\n\n<p class=\"has-pale-pink-color has-text-color has-link-color wp-elements-bf1f042da09bb8cf849f13d8ec7f0fd7\" style=\"font-size:23px\">Qui suis-je ?<\/p>\n\n\n\n<p>Je suis B\u00e9atriz C\u00e9rezales sophrologue sp\u00e9cialis\u00e9e dans la douleur et les \u00e9motions, mon cabinet qui est situ\u00e9 au Pian M\u00e9doc est ouvert depuis janvier 2025. La sophrologie est ouverte pour tout public (exept\u00e9 couples et entreprises) que ce soit :  enfants,adolescents,adultes ou encore seniors.<\/p>\n\n\n\n<p class=\"has-pale-pink-color has-text-color has-link-color wp-elements-99928a9a7a7ece480ddcba17428bdb5b\" style=\"font-size:23px\">Comment se d\u00e9roulent les s\u00e9ances de sophrologie pour les adultes ?<\/p>\n\n\n\n<p>Les consultations se font en visio, \u00e0 domicile et en cabinet. La premi\u00e8re s\u00e9ance dure un peu pr\u00e8s une heure et demie elle consiste \u00e0 un entretien destin\u00e9 pour bien cerner la demande du client afin de choisir un plan d\u2019action personnalis\u00e9 adapt\u00e9 \u00e0 son objectif. <\/p>\n\n\n\n<p>La sophrologie ne consiste pas \u00e0 appliquer des exercices identiques pour tous les clients, mais \u00e0 choisir ceux qui r\u00e9pondront pr\u00e9cis\u00e9ment \u00e0 ses attentes et \u00e0 son objectif puis la s\u00e9ance se finit par l&rsquo;initiation \u00e0 la sophrologie. <\/p>\n\n\n\n<div class=\"wp-block-media-text is-stacked-on-mobile\" style=\"grid-template-columns:45% auto\"><figure class=\"wp-block-media-text__media\"><img loading=\"lazy\" decoding=\"async\" width=\"1024\" height=\"768\" src=\"https:\/\/www.bcerezasophrohyp.fr\/wp-content\/uploads\/2025\/04\/pexels-photo-381739-1024x768.jpeg\" alt=\"\" class=\"wp-image-376 size-full\" srcset=\"https:\/\/www.bcerezasophrohyp.fr\/wp-content\/uploads\/2025\/04\/pexels-photo-381739-1024x768.jpeg 1024w, https:\/\/www.bcerezasophrohyp.fr\/wp-content\/uploads\/2025\/04\/pexels-photo-381739-300x225.jpeg 300w, https:\/\/www.bcerezasophrohyp.fr\/wp-content\/uploads\/2025\/04\/pexels-photo-381739-768x576.jpeg 768w, https:\/\/www.bcerezasophrohyp.fr\/wp-content\/uploads\/2025\/04\/pexels-photo-381739.jpeg 1200w\" sizes=\"auto, (max-width: 1024px) 100vw, 1024px\" \/><\/figure><div class=\"wp-block-media-text__content\">\n<p>Les s\u00e9ances suivantes seront d&rsquo;une heure avec des exercices de relaxations dynamiques et de la sophrologie. <\/p>\n\n\n\n<p style=\"font-size:16px\">Elle commence par un temps d\u2019\u00e9change afin de partager les ressentis depuis la derni\u00e8re rencontre, les \u00e9volutions et les pratiques que le client \u00e0 adapt\u00e9. <\/p>\n\n\n\n<p>Ce temps d\u00e9di\u00e9 va permettre d\u2019adapter la s\u00e9ance et si n\u00e9cessaire d\u2019ajuster l\u2019accompagnement.<\/p>\n<\/div><\/div>\n\n\n\n<p><\/p>\n\n\n\n<p class=\"has-pale-pink-color has-text-color has-link-color wp-elements-d85055381875f441584b0b03f2283d12\" style=\"font-size:23px\">Comment se d\u00e9roulent les s\u00e9ances de sophrologie pour les enfants et adolescents ?<\/p>\n\n\n\n<p>Pour les enfants les parents sont pr\u00e9sents avec leur enfant pendant les 10-15 premi\u00e8res minutes,nous \u00e9voquons ensemble le motif de la consultation. <\/p>\n\n\n\n<p>Ensuite les parents sont invit\u00e9s \u00e0 quitter la pi\u00e8ce pour que nous puissions discuter avec l&rsquo;enfant. L&rsquo;int\u00e9r\u00eat est d&rsquo;apprendre \u00e0 le conna\u00eetre afin que je puisse rassembler des informations pour me permettre de cr\u00e9er un protocole adapt\u00e9 \u00e0 ses besoins. <\/p>\n\n\n\n<div class=\"wp-block-media-text has-media-on-the-right is-stacked-on-mobile\" style=\"grid-template-columns:auto 47%\"><div class=\"wp-block-media-text__content\">\n<p>Concernant la partie pratique l&rsquo;objectif est de travailler sur son besoin gr\u00e2ce \u00e0 des jeux, des exercices de relaxation dynamique et d&rsquo;histoires o\u00f9 il est l&rsquo;acteur dans sa qu\u00eate de son bien-\u00eatre. <\/p>\n\n\n\n<p>La confidentialit\u00e9 s\u2019appliquent \u00e9galement pour les enfants tout comme pour les adultes.<\/p>\n<\/div><figure class=\"wp-block-media-text__media\"><img loading=\"lazy\" decoding=\"async\" width=\"1024\" height=\"683\" src=\"https:\/\/www.bcerezasophrohyp.fr\/wp-content\/uploads\/2025\/04\/water-lilies-pink-water-lake-46231-1-1024x683.webp\" alt=\"\" class=\"wp-image-395 size-full\" srcset=\"https:\/\/www.bcerezasophrohyp.fr\/wp-content\/uploads\/2025\/04\/water-lilies-pink-water-lake-46231-1-1024x683.webp 1024w, https:\/\/www.bcerezasophrohyp.fr\/wp-content\/uploads\/2025\/04\/water-lilies-pink-water-lake-46231-1-300x200.webp 300w, https:\/\/www.bcerezasophrohyp.fr\/wp-content\/uploads\/2025\/04\/water-lilies-pink-water-lake-46231-1-768x512.webp 768w, https:\/\/www.bcerezasophrohyp.fr\/wp-content\/uploads\/2025\/04\/water-lilies-pink-water-lake-46231-1.webp 1200w\" sizes=\"auto, (max-width: 1024px) 100vw, 1024px\" \/><\/figure><\/div>\n\n\n\n<p><br>J&rsquo;informe les parents des intentions de s\u00e9ances, et transmets des outils \u00e0 l&rsquo;enfant pour qu&rsquo;il puisse s&rsquo;entra\u00eener \u00e0 la maison. A chaque fin de s\u00e9ance, je demande \u00e0 l\u2019enfant s\u2019il souhaite continuer et ce qu&rsquo;il souhaite partager avec ses parents, puis je demande aux parents de nous rejoindre quelques minutes pour \u00e9changer et fixer ensemble le prochain rendez-vous.<\/p>\n\n\n\n<p class=\"has-pale-pink-color has-text-color has-link-color wp-elements-0dc55a7b83c6692f36233485a64639db\" style=\"font-size:23px\">Mon histoire :<\/p>\n\n\n\n<div class=\"wp-block-media-text is-stacked-on-mobile\" style=\"grid-template-columns:45% auto\"><figure class=\"wp-block-media-text__media\"><img loading=\"lazy\" decoding=\"async\" width=\"1024\" height=\"684\" src=\"https:\/\/www.bcerezasophrohyp.fr\/wp-content\/uploads\/2025\/04\/pexels-photo-542517-1-1024x684.webp\" alt=\"\" class=\"wp-image-397 size-full\" srcset=\"https:\/\/www.bcerezasophrohyp.fr\/wp-content\/uploads\/2025\/04\/pexels-photo-542517-1-1024x684.webp 1024w, https:\/\/www.bcerezasophrohyp.fr\/wp-content\/uploads\/2025\/04\/pexels-photo-542517-1-300x200.webp 300w, https:\/\/www.bcerezasophrohyp.fr\/wp-content\/uploads\/2025\/04\/pexels-photo-542517-1-768x513.webp 768w, https:\/\/www.bcerezasophrohyp.fr\/wp-content\/uploads\/2025\/04\/pexels-photo-542517-1.webp 1200w\" sizes=\"auto, (max-width: 1024px) 100vw, 1024px\" \/><\/figure><div class=\"wp-block-media-text__content\">\n<p>Pourquoi la sophrologie ? <\/p>\n\n\n\n<p>La sophrologie m&rsquo;a permis de faciliter mon processus de gu\u00e9rison de mon burnout. <\/p>\n\n\n\n<p>Les techniques de relaxation profonde avec visualisation m&rsquo;ont aid\u00e9es \u00e0 r\u00e9duire mon stress, mon anxi\u00e9t\u00e9 et \u00e0 comprendre mes \u00e9motions.<\/p>\n\n\n\n<p>Ce qui m&rsquo;a permis de rel\u00e2cher mes tensions physiques et mentales, ainsi que de retrouver ma confiance en moi et une attitude positive. <\/p>\n<\/div><\/div>\n\n\n\n<p><\/p>\n\n\n\n<p>La sophrologie est donc l&rsquo;opportunit\u00e9 d&rsquo;accompagner les personnes dans leur bien-\u00eatre physique, mental et \u00e9motionnel.<\/p>\n\n\n\n<div class=\"wp-block-uagb-separator uagb-block-74fe8062 wp-block-uagb-separator--icon\"><div class=\"wp-block-uagb-separator__inner\" style=\"--my-background-image:\"><div class=\"wp-block-uagb-separator-element\"><svg xmlns=\"https:\/\/www.w3.org\/2000\/svg\" viewBox=\"0 0 384 512\"><path d=\"M192 352c53.03 0 96-42.97 96-96v-160c0-53.03-42.97-96-96-96s-96 42.97-96 96v160C96 309 138.1 352 192 352zM344 192C330.7 192 320 202.7 320 215.1V256c0 73.33-61.97 132.4-136.3 127.7c-66.08-4.169-119.7-66.59-119.7-132.8L64 215.1C64 202.7 53.25 192 40 192S16 202.7 16 215.1v32.15c0 89.66 63.97 169.6 152 181.7V464H128c-18.19 0-32.84 15.18-31.96 33.57C96.43 505.8 103.8 512 112 512h160c8.222 0 15.57-6.216 15.96-14.43C288.8 479.2 274.2 464 256 464h-40v-33.77C301.7 418.5 368 344.9 368 256V215.1C368 202.7 357.3 192 344 192z\"><\/path><\/svg><\/div><\/div><\/div>\n\n\n\n<p><\/p>\n\n\n\n<p class=\"has-text-align-center has-pale-pink-color has-text-color has-link-color wp-elements-be6c33c2b6465856716f6d9c03100a67\" style=\"font-size:23px\">Mes valeurs, mes objectifs :<\/p>\n\n\n\n<blockquote class=\"wp-block-quote is-layout-flow wp-block-quote-is-layout-flow\">\n<p>\u00ab\u00a0Bienveillance, \u00e9coute active, authenticit\u00e9 et la confidentialit\u00e9 sont les \u00e9l\u00e9ments cl\u00e9s de la sophrologie.\u00a0\u00bb<\/p>\n<\/blockquote>\n\n\n\n<div class=\"wp-block-uagb-buttons uagb-buttons__outer-wrap uagb-btn__default-btn uagb-btn-tablet__default-btn uagb-btn-mobile__default-btn uagb-block-59be11f1\"><div class=\"uagb-buttons__wrap uagb-buttons-layout-wrap \">\n<div class=\"wp-block-uagb-buttons-child uagb-buttons__outer-wrap uagb-block-2a12ead8 wp-block-button\"><div class=\"uagb-button__wrapper\"><a class=\"uagb-buttons-repeater wp-block-button__link\" aria-label=\"\" href=\"https:\/\/www.bcerezasophrohyp.fr\/?page_id=30\" rel=\"follow noopener\" target=\"_blank\" role=\"button\"><div class=\"uagb-button__link\">Prendre RDV<\/div><\/a><\/div><\/div>\n<\/div><\/div>\n\n\n\n<p><\/p>\n","protected":false},"excerpt":{"rendered":"<p>Qui suis-je ? Je suis B\u00e9atriz C\u00e9rezales sophrologue sp\u00e9cialis\u00e9e dans la douleur et les \u00e9motions, mon cabinet qui est situ\u00e9 au Pian M\u00e9doc est ouvert depuis janvier 2025. La sophrologie est ouverte pour tout public (exept\u00e9 couples et entreprises) que ce soit : enfants,adolescents,adultes ou encore seniors. Comment se d\u00e9roulent les s\u00e9ances de sophrologie pour [&hellip;]<\/p>\n","protected":false},"author":4,"featured_media":0,"parent":0,"menu_order":0,"comment_status":"closed","ping_status":"closed","template":"","meta":{"_uag_custom_page_level_css":"","site-sidebar-layout":"default","site-content-layout":"","ast-site-content-layout":"","site-content-style":"default","site-sidebar-style":"default","ast-global-header-display":"","ast-banner-title-visibility":"","ast-main-header-display":"","ast-hfb-above-header-display":"","ast-hfb-below-header-display":"","ast-hfb-mobile-header-display":"","site-post-title":"","ast-breadcrumbs-content":"","ast-featured-img":"","footer-sml-layout":"","theme-transparent-header-meta":"","adv-header-id-meta":"","stick-header-meta":"","header-above-stick-meta":"","header-main-stick-meta":"","header-below-stick-meta":"","astra-migrate-meta-layouts":"default","ast-page-background-enabled":"default","ast-page-background-meta":{"desktop":{"background-color":"var(--ast-global-color-4)","background-image":"","background-repeat":"repeat","background-position":"center center","background-size":"auto","background-attachment":"scroll","background-type":"","background-media":"","overlay-type":"","overlay-color":"","overlay-opacity":"","overlay-gradient":""},"tablet":{"background-color":"","background-image":"","background-repeat":"repeat","background-position":"center center","background-size":"auto","background-attachment":"scroll","background-type":"","background-media":"","overlay-type":"","overlay-color":"","overlay-opacity":"","overlay-gradient":""},"mobile":{"background-color":"","background-image":"","background-repeat":"repeat","background-position":"center center","background-size":"auto","background-attachment":"scroll","background-type":"","background-media":"","overlay-type":"","overlay-color":"","overlay-opacity":"","overlay-gradient":""}},"ast-content-background-meta":{"desktop":{"background-color":"var(--ast-global-color-5)","background-image":"","background-repeat":"repeat","background-position":"center center","background-size":"auto","background-attachment":"scroll","background-type":"","background-media":"","overlay-type":"","overlay-color":"","overlay-opacity":"","overlay-gradient":""},"tablet":{"background-color":"var(--ast-global-color-5)","background-image":"","background-repeat":"repeat","background-position":"center center","background-size":"auto","background-attachment":"scroll","background-type":"","background-media":"","overlay-type":"","overlay-color":"","overlay-opacity":"","overlay-gradient":""},"mobile":{"background-color":"var(--ast-global-color-5)","background-image":"","background-repeat":"repeat","background-position":"center center","background-size":"auto","background-attachment":"scroll","background-type":"","background-media":"","overlay-type":"","overlay-color":"","overlay-opacity":"","overlay-gradient":""}},"footnotes":""},"class_list":["post-33","page","type-page","status-publish","hentry"],"uagb_featured_image_src":{"full":false,"thumbnail":false,"medium":false,"medium_large":false,"large":false,"1536x1536":false,"2048x2048":false},"uagb_author_info":{"display_name":"chloe jerome","author_link":"https:\/\/www.bcerezasophrohyp.fr\/?author=4"},"uagb_comment_info":0,"uagb_excerpt":"Qui suis-je ? Je suis B\u00e9atriz C\u00e9rezales sophrologue sp\u00e9cialis\u00e9e dans la douleur et les \u00e9motions, mon cabinet qui est situ\u00e9 au Pian M\u00e9doc est ouvert depuis janvier 2025. La sophrologie est ouverte pour tout public (exept\u00e9 couples et entreprises) que ce soit : enfants,adolescents,adultes ou encore seniors. Comment se d\u00e9roulent les s\u00e9ances de sophrologie pour\u2026","_links":{"self":[{"href":"https:\/\/www.bcerezasophrohyp.fr\/index.php?rest_route=\/wp\/v2\/pages\/33","targetHints":{"allow":["GET"]}}],"collection":[{"href":"https:\/\/www.bcerezasophrohyp.fr\/index.php?rest_route=\/wp\/v2\/pages"}],"about":[{"href":"https:\/\/www.bcerezasophrohyp.fr\/index.php?rest_route=\/wp\/v2\/types\/page"}],"author":[{"embeddable":true,"href":"https:\/\/www.bcerezasophrohyp.fr\/index.php?rest_route=\/wp\/v2\/users\/4"}],"replies":[{"embeddable":true,"href":"https:\/\/www.bcerezasophrohyp.fr\/index.php?rest_route=%2Fwp%2Fv2%2Fcomments&post=33"}],"version-history":[{"count":39,"href":"https:\/\/www.bcerezasophrohyp.fr\/index.php?rest_route=\/wp\/v2\/pages\/33\/revisions"}],"predecessor-version":[{"id":405,"href":"https:\/\/www.bcerezasophrohyp.fr\/index.php?rest_route=\/wp\/v2\/pages\/33\/revisions\/405"}],"wp:attachment":[{"href":"https:\/\/www.bcerezasophrohyp.fr\/index.php?rest_route=%2Fwp%2Fv2%2Fmedia&parent=33"}],"curies":[{"name":"wp","href":"https:\/\/api.w.org\/{rel}","templated":true}]}}