{"id":456,"date":"2025-06-05T07:20:15","date_gmt":"2025-06-05T07:20:15","guid":{"rendered":"https:\/\/www.bcerezasophrohyp.fr\/?page_id=456"},"modified":"2025-06-05T07:47:53","modified_gmt":"2025-06-05T07:47:53","slug":"code-deontologique","status":"publish","type":"page","link":"https:\/\/www.bcerezasophrohyp.fr\/?page_id=456","title":{"rendered":"Code d\u00e9ontologique"},"content":{"rendered":"\n<p><strong>ARTICLE 1&nbsp;<\/strong><\/p>\n\n\n\n<p>Le sophrologue s\u2019engage \u00e0 respecter le code de d\u00e9ontologie de la sophrologie sous peine de se voir retirer son certificat de formation.&nbsp;<\/p>\n\n\n\n<p><strong>ARTICLE 2&nbsp;<\/strong><\/p>\n\n\n\n<p>Le sophrologue s\u2019engage \u00e0 respecter l\u2019\u00e9galit\u00e9 de chaque individu, \u00e0 prot\u00e9ger son int\u00e9grit\u00e9 physique et mentale ainsi qu\u2019\u00e0 pr\u00e9server sa dignit\u00e9 et sa personnalit\u00e9.&nbsp;&nbsp;<\/p>\n\n\n\n<p><strong>ARTICLE 3<\/strong><\/p>\n\n\n\n<p>Le sophrologue se doit de pratiquer en toutes circonstances la clause de confidentialit\u00e9 des informations recueillies au cours de ses s\u00e9ances, qu\u2019elles soient individuelles ou collectives.&nbsp;<\/p>\n\n\n\n<p><strong>ARTICLE 4&nbsp;<\/strong><\/p>\n\n\n\n<p>Le sophrologue s\u2019engage \u00e0 accompagner chaque personne qui est sous sa responsabilit\u00e9, quelles que soient ses origines, sa religion, son \u00e9tat de sant\u00e9 ou ses ant\u00e9c\u00e9dents. Son jugement personnel ne doit jamais interf\u00e9rer sur l\u2019accomplissement de sa mission.&nbsp;<\/p>\n\n\n\n<p><strong>ARTICLE 5&nbsp;<\/strong><\/p>\n\n\n\n<p>Le sophrologue a le devoir de pr\u00f4ner une relation positive et chaleureuse envers la personne qu\u2019il re\u00e7oit. Son r\u00f4le \u00e9tant de d\u00e9velopper ses aptitudes \u00e0 travers une technique de manifestation corporelle, \u00e9motionnelle et intuitive.&nbsp;<\/p>\n\n\n\n<p><strong>ARTICLE 6<\/strong><\/p>\n\n\n\n<p>Le sophrologue s\u2019engage \u00e0 n\u2019exercer aucun pouvoir de quelque nature que ce soit sur la personne qui vient le consulter. Il s\u2019engage \u00e0 respecter les principes et concepts fondamentaux de la Sophrologie, \u00e0 ne pas alt\u00e9rer ou associer la sophrologie a d\u2019autre technique sans que le client en soit avis\u00e9.&nbsp;<\/p>\n\n\n\n<p><strong>ARTICLE 8&nbsp;<\/strong><\/p>\n\n\n\n<p>Le sophrologue s\u2019interdit et interdit dans son cabinet ou sur ses lieux d\u2019intervention, toute repr\u00e9sentation religieuse, d\u2019origine sectaire ou id\u00e9ologique ou d\u2019ordre qui sortirait du cadre de la sophrologie. Il s\u2019engage \u00e0 combattre toute d\u00e9rive sectaire.<\/p>\n\n\n\n<p><strong>ARTICLE 9&nbsp;<\/strong><\/p>\n\n\n\n<p>Le sophrologue s\u2019engage \u00e0 exprimer clairement et pr\u00e9cis\u00e9ment ses fonctions ainsi que son domaine d\u2019intervention \u00e0 son public afin de ne pas l\u2019induire en erreur. Le sophrologue n\u2019a pas vocation \u00e0 \u00e9tablir de diagnostic d\u2019ordre m\u00e9dical ni \u00e0 d\u00e9livrer d\u2019ordonnances. Il peut n\u00e9anmoins le diriger vers un professionnel de sant\u00e9 habilit\u00e9 \u00e0 cet effet.&nbsp;&nbsp;<\/p>\n\n\n\n<p><strong>ARTICLE 10&nbsp;<\/strong><\/p>\n\n\n\n<p>Le sophrologue pratique sa profession sans hi\u00e9rarchie. Il est donc seul responsable de ses actes. Il doit n\u00e9anmoins exercer dans des locaux propices \u00e0 l\u2019\u00e9panouissement de son client et \u00e0 l\u2019assurance d\u2019une discr\u00e9tion absolue.&nbsp;<\/p>\n\n\n\n<p><strong>ARTICLE 11&nbsp;<\/strong><\/p>\n\n\n\n<p>Le sophrologue s\u2019engage \u00e0 rester courtois et poli, sans user de familiarit\u00e9, de discours ou de tenue, non appropri\u00e9s.&nbsp;<\/p>\n\n\n\n<p><strong>ARTICLE 12&nbsp;<\/strong><\/p>\n\n\n\n<p>Le sophrologue s\u2019engage \u00e0 r\u00e9pondre \u00e0 toutes demandes d\u2019informations sur ses activit\u00e9s ainsi que ses tarifs avant son intervention. Il a le devoir d\u2019expliquer le plus clairement possible ses modalit\u00e9s d\u2019accompagnement, ses pratiques utilis\u00e9es et la finalit\u00e9 de sa discipline.&nbsp;<\/p>\n\n\n\n<p><strong>ARTICLE 13<\/strong><\/p>\n\n\n\n<p>Le sophrologue ne diffusera dans les m\u00e9dias aucun communiqu\u00e9 non ad\u00e9quat \u00e0 la profession qui serait susceptible de nuire \u00e0 sa r\u00e9putation et \u00e0 la r\u00e9putation de la Sophrologie ainsi qu\u2019\u00e0 sa cr\u00e9dibilit\u00e9. Le sophrologue s\u2019engage \u00e0 contribuer au s\u00e9rieux des informations communiqu\u00e9es dans les m\u00e9dias sur la Sophrologie.&nbsp;&nbsp;<\/p>\n\n\n\n<p><strong>ARTICLE 14&nbsp;<\/strong><\/p>\n\n\n\n<p>Les sophrologues s\u2019engagent \u00e0 respecter et \u00e0 faire respecter la l\u00e9gislation en vigueur.<\/p>\n","protected":false},"excerpt":{"rendered":"<p>ARTICLE 1&nbsp; Le sophrologue s\u2019engage \u00e0 respecter le code de d\u00e9ontologie de la sophrologie sous peine de se voir retirer son certificat de formation.&nbsp; ARTICLE 2&nbsp; Le sophrologue s\u2019engage \u00e0 respecter l\u2019\u00e9galit\u00e9 de chaque individu, \u00e0 prot\u00e9ger son int\u00e9grit\u00e9 physique et mentale ainsi qu\u2019\u00e0 pr\u00e9server sa dignit\u00e9 et sa personnalit\u00e9.&nbsp;&nbsp; ARTICLE 3 Le sophrologue se [&hellip;]<\/p>\n","protected":false},"author":4,"featured_media":0,"parent":0,"menu_order":0,"comment_status":"closed","ping_status":"closed","template":"","meta":{"_uag_custom_page_level_css":"","site-sidebar-layout":"default","site-content-layout":"","ast-site-content-layout":"","site-content-style":"default","site-sidebar-style":"default","ast-global-header-display":"","ast-banner-title-visibility":"","ast-main-header-display":"","ast-hfb-above-header-display":"","ast-hfb-below-header-display":"","ast-hfb-mobile-header-display":"","site-post-title":"","ast-breadcrumbs-content":"","ast-featured-img":"","footer-sml-layout":"","theme-transparent-header-meta":"","adv-header-id-meta":"","stick-header-meta":"","header-above-stick-meta":"","header-main-stick-meta":"","header-below-stick-meta":"","astra-migrate-meta-layouts":"default","ast-page-background-enabled":"default","ast-page-background-meta":{"desktop":{"background-color":"var(--ast-global-color-4)","background-image":"","background-repeat":"repeat","background-position":"center center","background-size":"auto","background-attachment":"scroll","background-type":"","background-media":"","overlay-type":"","overlay-color":"","overlay-opacity":"","overlay-gradient":""},"tablet":{"background-color":"","background-image":"","background-repeat":"repeat","background-position":"center center","background-size":"auto","background-attachment":"scroll","background-type":"","background-media":"","overlay-type":"","overlay-color":"","overlay-opacity":"","overlay-gradient":""},"mobile":{"background-color":"","background-image":"","background-repeat":"repeat","background-position":"center center","background-size":"auto","background-attachment":"scroll","background-type":"","background-media":"","overlay-type":"","overlay-color":"","overlay-opacity":"","overlay-gradient":""}},"ast-content-background-meta":{"desktop":{"background-color":"var(--ast-global-color-5)","background-image":"","background-repeat":"repeat","background-position":"center center","background-size":"auto","background-attachment":"scroll","background-type":"","background-media":"","overlay-type":"","overlay-color":"","overlay-opacity":"","overlay-gradient":""},"tablet":{"background-color":"var(--ast-global-color-5)","background-image":"","background-repeat":"repeat","background-position":"center center","background-size":"auto","background-attachment":"scroll","background-type":"","background-media":"","overlay-type":"","overlay-color":"","overlay-opacity":"","overlay-gradient":""},"mobile":{"background-color":"var(--ast-global-color-5)","background-image":"","background-repeat":"repeat","background-position":"center center","background-size":"auto","background-attachment":"scroll","background-type":"","background-media":"","overlay-type":"","overlay-color":"","overlay-opacity":"","overlay-gradient":""}},"footnotes":""},"class_list":["post-456","page","type-page","status-publish","hentry"],"uagb_featured_image_src":{"full":false,"thumbnail":false,"medium":false,"medium_large":false,"large":false,"1536x1536":false,"2048x2048":false},"uagb_author_info":{"display_name":"chloe jerome","author_link":"https:\/\/www.bcerezasophrohyp.fr\/?author=4"},"uagb_comment_info":0,"uagb_excerpt":"ARTICLE 1&nbsp; Le sophrologue s\u2019engage \u00e0 respecter le code de d\u00e9ontologie de la sophrologie sous peine de se voir retirer son certificat de formation.&nbsp; ARTICLE 2&nbsp; Le sophrologue s\u2019engage \u00e0 respecter l\u2019\u00e9galit\u00e9 de chaque individu, \u00e0 prot\u00e9ger son int\u00e9grit\u00e9 physique et mentale ainsi qu\u2019\u00e0 pr\u00e9server sa dignit\u00e9 et sa personnalit\u00e9.&nbsp;&nbsp; ARTICLE 3 Le sophrologue se\u2026","_links":{"self":[{"href":"https:\/\/www.bcerezasophrohyp.fr\/index.php?rest_route=\/wp\/v2\/pages\/456","targetHints":{"allow":["GET"]}}],"collection":[{"href":"https:\/\/www.bcerezasophrohyp.fr\/index.php?rest_route=\/wp\/v2\/pages"}],"about":[{"href":"https:\/\/www.bcerezasophrohyp.fr\/index.php?rest_route=\/wp\/v2\/types\/page"}],"author":[{"embeddable":true,"href":"https:\/\/www.bcerezasophrohyp.fr\/index.php?rest_route=\/wp\/v2\/users\/4"}],"replies":[{"embeddable":true,"href":"https:\/\/www.bcerezasophrohyp.fr\/index.php?rest_route=%2Fwp%2Fv2%2Fcomments&post=456"}],"version-history":[{"count":2,"href":"https:\/\/www.bcerezasophrohyp.fr\/index.php?rest_route=\/wp\/v2\/pages\/456\/revisions"}],"predecessor-version":[{"id":471,"href":"https:\/\/www.bcerezasophrohyp.fr\/index.php?rest_route=\/wp\/v2\/pages\/456\/revisions\/471"}],"wp:attachment":[{"href":"https:\/\/www.bcerezasophrohyp.fr\/index.php?rest_route=%2Fwp%2Fv2%2Fmedia&parent=456"}],"curies":[{"name":"wp","href":"https:\/\/api.w.org\/{rel}","templated":true}]}}