{"id":458,"date":"2025-06-05T07:21:11","date_gmt":"2025-06-05T07:21:11","guid":{"rendered":"https:\/\/www.bcerezasophrohyp.fr\/?page_id=458"},"modified":"2025-06-05T10:00:18","modified_gmt":"2025-06-05T10:00:18","slug":"methode-emdr","status":"publish","type":"page","link":"https:\/\/www.bcerezasophrohyp.fr\/?page_id=458","title":{"rendered":"M\u00e9thode EMDR"},"content":{"rendered":"\n<p class=\"has-text-align-center has-text-color has-link-color wp-elements-f190d52ccf6fd597fdd6be3d5c261b1d\" style=\"color:#1a4212;font-size:24px\">G\u00e9rer un trauma avec les mouvements oculaires et altern\u00e9s<\/p>\n\n\n\n<p>Les techniques de mouvements oculaires et altern\u00e9s constituent une m\u00e9thode th\u00e9rapeutique efficace pour traiter les traumatismes psychologiques. Inspir\u00e9es de l&rsquo;EMDR (Eye Movement Desensitization and Reprocessing), ces pratiques mobilisent des m\u00e9canismes neurobiologiques naturels pour transformer les souvenirs traumatiques.<\/p>\n\n\n\n<hr class=\"wp-block-separator has-alpha-channel-opacity\"\/>\n\n\n\n<div class=\"wp-block-media-text is-stacked-on-mobile\" style=\"grid-template-columns:42% auto\"><figure class=\"wp-block-media-text__media\"><img loading=\"lazy\" decoding=\"async\" width=\"1024\" height=\"683\" src=\"https:\/\/www.bcerezasophrohyp.fr\/wp-content\/uploads\/2025\/06\/pexels-photo-1586950-1024x683.jpeg\" alt=\"\" class=\"wp-image-497 size-full\" srcset=\"https:\/\/www.bcerezasophrohyp.fr\/wp-content\/uploads\/2025\/06\/pexels-photo-1586950-1024x683.jpeg 1024w, https:\/\/www.bcerezasophrohyp.fr\/wp-content\/uploads\/2025\/06\/pexels-photo-1586950-300x200.jpeg 300w, https:\/\/www.bcerezasophrohyp.fr\/wp-content\/uploads\/2025\/06\/pexels-photo-1586950-768x512.jpeg 768w, https:\/\/www.bcerezasophrohyp.fr\/wp-content\/uploads\/2025\/06\/pexels-photo-1586950.jpeg 1200w\" sizes=\"auto, (max-width: 1024px) 100vw, 1024px\" \/><\/figure><div class=\"wp-block-media-text__content\">\n<p>Principes fondamentaux :<\/p>\n\n\n\n<p>Active simultan\u00e9ment les deux h\u00e9misph\u00e8res c\u00e9r\u00e9braux<\/p>\n\n\n\n<p>Reproduit les m\u00e9canismes naturels du sommeil paradoxal<\/p>\n\n\n\n<p>Favorise le retraitement et l&rsquo;int\u00e9gration des souvenirs traumatiques<\/p>\n\n\n\n<p>D\u00e9sactive progressivement la charge \u00e9motionnelle n\u00e9gative associ\u00e9e<\/p>\n<\/div><\/div>\n\n\n\n<hr class=\"wp-block-separator has-alpha-channel-opacity\"\/>\n\n\n\n<div class=\"wp-block-media-text has-media-on-the-right is-stacked-on-mobile\" style=\"grid-template-columns:auto 43%\"><div class=\"wp-block-media-text__content\">\n<p>Protocole th\u00e9rapeutique :<\/p>\n\n\n\n<p class=\"has-text-align-left\">Identification du souvenir traumatique et des sensations corporelles associ\u00e9es<\/p>\n\n\n\n<p>\u00c9valuation du niveau de perturbation \u00e9motionnelle<\/p>\n\n\n\n<p>Application des mouvements oculaires altern\u00e9s pendant l&rsquo;\u00e9vocation du souvenir<\/p>\n\n\n\n<p>Installation de ressources positives et renforcement des capacit\u00e9s d&rsquo;adaptation<\/p>\n\n\n\n<p>V\u00e9rification de l&rsquo;int\u00e9gration compl\u00e8te de l&rsquo;exp\u00e9rience<\/p>\n<\/div><figure class=\"wp-block-media-text__media\"><img loading=\"lazy\" decoding=\"async\" width=\"1024\" height=\"683\" src=\"https:\/\/www.bcerezasophrohyp.fr\/wp-content\/uploads\/2025\/06\/play-stone-network-networked-interactive-163064-1024x683.webp\" alt=\"\" class=\"wp-image-498 size-full\" srcset=\"https:\/\/www.bcerezasophrohyp.fr\/wp-content\/uploads\/2025\/06\/play-stone-network-networked-interactive-163064-1024x683.webp 1024w, https:\/\/www.bcerezasophrohyp.fr\/wp-content\/uploads\/2025\/06\/play-stone-network-networked-interactive-163064-300x200.webp 300w, https:\/\/www.bcerezasophrohyp.fr\/wp-content\/uploads\/2025\/06\/play-stone-network-networked-interactive-163064-768x512.webp 768w, https:\/\/www.bcerezasophrohyp.fr\/wp-content\/uploads\/2025\/06\/play-stone-network-networked-interactive-163064.webp 1200w\" sizes=\"auto, (max-width: 1024px) 100vw, 1024px\" \/><\/figure><\/div>\n\n\n\n<hr class=\"wp-block-separator has-alpha-channel-opacity\"\/>\n\n\n\n<p class=\"has-text-align-center has-text-color has-link-color wp-elements-6738a15e0511ee5ca33cccdb111c926d\" style=\"color:#1a4212;font-size:22px\">B\u00e9n\u00e9fices th\u00e9rapeutiques<\/p>\n\n\n\n<p class=\"has-text-align-center\">Les personnes qui b\u00e9n\u00e9ficient de cette approche rapportent :<\/p>\n\n\n\n<ul class=\"wp-block-list\">\n<li>Une diminution significative des flashbacks et des cauchemars<\/li>\n\n\n\n<li>Une r\u00e9duction de l&rsquo;hypervigilance et des r\u00e9actions de sursaut<\/li>\n\n\n\n<li>Un apaisement durable des \u00e9motions n\u00e9gatives li\u00e9es au trauma<\/li>\n\n\n\n<li>Une capacit\u00e9 retrouv\u00e9e \u00e0 \u00e9voquer l&rsquo;\u00e9v\u00e9nement sans d\u00e9tresse \u00e9motionnelle<\/li>\n<\/ul>\n\n\n\n<p><\/p>\n\n\n\n<p><\/p>\n\n\n\n<div data-aos= \"fade-down\" data-aos-duration=\"400\" data-aos-delay=\"0\" data-aos-easing=\"ease\" data-aos-once=\"true\" class=\"wp-block-uagb-info-box uagb-block-aee29e6f uagb-infobox__content-wrap  uagb-infobox-icon-above-title uagb-infobox-image-valign-top\"><div class=\"uagb-ifb-content\"><div class=\"uagb-ifb-icon-wrap\"><svg xmlns=\"https:\/\/www.w3.org\/2000\/svg\" viewBox=\"0 0 512 512\"><path d=\"M489.1 363.3l-24.03 41.59c-6.635 11.48-21.33 15.41-32.82 8.78l-129.1-74.56V488c0 13.25-10.75 24-24.02 24H231.1c-13.27 0-24.02-10.75-24.02-24v-148.9L78.87 413.7c-11.49 6.629-26.19 2.698-32.82-8.78l-24.03-41.59c-6.635-11.48-2.718-26.14 8.774-32.77L159.9 256L30.8 181.5C19.3 174.8 15.39 160.2 22.02 148.7l24.03-41.59c6.635-11.48 21.33-15.41 32.82-8.781l129.1 74.56L207.1 24c0-13.25 10.75-24 24.02-24h48.04c13.27 0 24.02 10.75 24.02 24l.0005 148.9l129.1-74.56c11.49-6.629 26.19-2.698 32.82 8.78l24.02 41.59c6.637 11.48 2.718 26.14-8.774 32.77L352.1 256l129.1 74.53C492.7 337.2 496.6 351.8 489.1 363.3z\"><\/path><\/svg><\/div><div class=\"uagb-ifb-title-wrap\"><h3 class=\"uagb-ifb-title\">\u00c0 retenir<\/h3><\/div><p class=\"uagb-ifb-desc\">Cette m\u00e9thode, encadr\u00e9e par des professionnels form\u00e9s, offre une voie efficace pour lib\u00e9rer le syst\u00e8me nerveux des empreintes du trauma et retrouver un \u00e9quilibre psychologique sans \u00eatre prisonnier du pass\u00e9.<\/p><\/div><\/div>\n\n\n\n<p><\/p>\n\n\n\n<p><\/p>\n\n\n\n<div class=\"wp-block-uagb-separator uagb-block-2919f7fe wp-block-uagb-separator--icon\"><div class=\"wp-block-uagb-separator__inner\" style=\"--my-background-image:\"><div class=\"wp-block-uagb-separator-element\"><svg xmlns=\"https:\/\/www.w3.org\/2000\/svg\" viewBox=\"0 0 512 512\"><path d=\"M184 0C214.9 0 240 25.07 240 56V456C240 486.9 214.9 512 184 512C155.1 512 131.3 490.1 128.3 461.9C123.1 463.3 117.6 464 112 464C76.65 464 48 435.3 48 400C48 392.6 49.27 385.4 51.59 378.8C21.43 367.4 0 338.2 0 304C0 272.1 18.71 244.5 45.77 231.7C37.15 220.8 32 206.1 32 192C32 161.3 53.59 135.7 82.41 129.4C80.84 123.9 80 118 80 112C80 82.06 100.6 56.92 128.3 49.93C131.3 21.86 155.1 0 184 0zM383.7 49.93C411.4 56.92 432 82.06 432 112C432 118 431.2 123.9 429.6 129.4C458.4 135.7 480 161.3 480 192C480 206.1 474.9 220.8 466.2 231.7C493.3 244.5 512 272.1 512 304C512 338.2 490.6 367.4 460.4 378.8C462.7 385.4 464 392.6 464 400C464 435.3 435.3 464 400 464C394.4 464 388.9 463.3 383.7 461.9C380.7 490.1 356.9 512 328 512C297.1 512 272 486.9 272 456V56C272 25.07 297.1 0 328 0C356.9 0 380.7 21.86 383.7 49.93z\"><\/path><\/svg><\/div><\/div><\/div>\n\n\n\n<p><\/p>\n\n\n\n<p class=\"has-text-align-center has-text-color has-link-color wp-elements-564854a51983e7946ae1efb87300ec33\" style=\"color:#1a4212;font-size:24px\">G\u00e9rer un trauma avec les mouvements oculaires altern\u00e9s : Un chemin vers la gu\u00e9rison<\/p>\n\n\n\n<p class=\"has-text-align-center has-text-color has-link-color wp-elements-9bdb9ce1979f18040b4ce5079bf8c3dd\" style=\"color:#1a4212;font-size:19px\">Une approche neurobiologique pour lib\u00e9rer les m\u00e9moires traumatiques<\/p>\n\n\n\n<p>Le trauma, qu&rsquo;il soit physique, \u00e9motionnel ou psychologique, peut laisser des traces profondes dans notre quotidien. Cependant, il existe des m\u00e9thodes douces et efficaces pour nous aider \u00e0 surmonter ces exp\u00e9riences et \u00e0 retrouver notre bien-\u00eatre. Parmi ces techniques, les mouvements oculaires altern\u00e9s se sont r\u00e9v\u00e9l\u00e9s \u00eatre une m\u00e9thode apaisante et puissante pour g\u00e9rer et traiter les traumatismes.<\/p>\n\n\n\n<div class=\"wp-block-uagb-container uagb-block-7a39254a alignfull uagb-is-root-container\"><div class=\"uagb-container-inner-blocks-wrap\">\n<div class=\"wp-block-uagb-container uagb-block-9baa3d15\">\n<figure class=\"wp-block-image size-full\"><img loading=\"lazy\" decoding=\"async\" width=\"612\" height=\"408\" src=\"https:\/\/www.bcerezasophrohyp.fr\/wp-content\/uploads\/2025\/06\/istockphoto-1739071095-612x612-1.jpg\" alt=\"\" class=\"wp-image-502\" srcset=\"https:\/\/www.bcerezasophrohyp.fr\/wp-content\/uploads\/2025\/06\/istockphoto-1739071095-612x612-1.jpg 612w, https:\/\/www.bcerezasophrohyp.fr\/wp-content\/uploads\/2025\/06\/istockphoto-1739071095-612x612-1-300x200.jpg 300w\" sizes=\"auto, (max-width: 612px) 100vw, 612px\" \/><\/figure>\n<\/div>\n\n\n\n<div class=\"wp-block-uagb-container uagb-block-2c39615a\">\n<figure class=\"wp-block-image size-full\"><img loading=\"lazy\" decoding=\"async\" width=\"612\" height=\"408\" src=\"https:\/\/www.bcerezasophrohyp.fr\/wp-content\/uploads\/2025\/06\/istockphoto-1739071071-612x612-1.jpg\" alt=\"\" class=\"wp-image-501\" srcset=\"https:\/\/www.bcerezasophrohyp.fr\/wp-content\/uploads\/2025\/06\/istockphoto-1739071071-612x612-1.jpg 612w, https:\/\/www.bcerezasophrohyp.fr\/wp-content\/uploads\/2025\/06\/istockphoto-1739071071-612x612-1-300x200.jpg 300w\" sizes=\"auto, (max-width: 612px) 100vw, 612px\" \/><\/figure>\n<\/div>\n<\/div><\/div>\n\n\n\n<p><\/p>\n\n\n<div class=\"wp-block-uagb-faq uagb-faq__outer-wrap uagb-block-7af3e904 uagb-faq-icon-row uagb-faq-layout-accordion uagb-faq-expand-first-true uagb-faq-inactive-other-true uagb-faq__wrap uagb-buttons-layout-wrap uagb-faq-equal-height     \" data-faqtoggle=\"true\" role=\"tablist\"><div class=\"wp-block-uagb-faq-child uagb-faq-child__outer-wrap uagb-faq-item uagb-block-6ba8c5b3 \" role=\"tab\" tabindex=\"0\"><div class=\"uagb-faq-questions-button uagb-faq-questions\">\t\t\t<span class=\"uagb-icon uagb-faq-icon-wrap\">\n\t\t\t\t\t\t\t\t<svg xmlns=\"https:\/\/www.w3.org\/2000\/svg\" viewBox= \"0 0 448 512\"><path d=\"M432 256c0 17.69-14.33 32.01-32 32.01H256v144c0 17.69-14.33 31.99-32 31.99s-32-14.3-32-31.99v-144H48c-17.67 0-32-14.32-32-32.01s14.33-31.99 32-31.99H192v-144c0-17.69 14.33-32.01 32-32.01s32 14.32 32 32.01v144h144C417.7 224 432 238.3 432 256z\"><\/path><\/svg>\n\t\t\t\t\t\t\t<\/span>\n\t\t\t\t\t\t<span class=\"uagb-icon-active uagb-faq-icon-wrap\">\n\t\t\t\t\t\t\t\t<svg xmlns=\"https:\/\/www.w3.org\/2000\/svg\" viewBox= \"0 0 448 512\"><path d=\"M400 288h-352c-17.69 0-32-14.32-32-32.01s14.31-31.99 32-31.99h352c17.69 0 32 14.3 32 31.99S417.7 288 400 288z\"><\/path><\/svg>\n\t\t\t\t\t\t\t<\/span>\n\t\t\t<span class=\"uagb-question\"><strong>Comment cela fonctionne-t-il ?<\/strong><\/span><\/div><div class=\"uagb-faq-content\"><p>Lorsque nous vivons un \u00e9v\u00e9nement traumatique, nos \u00e9motions peuvent se figer et \u00eatre difficilement accessibles, cr\u00e9ant un blocage \u00e9motionnel. Les mouvements oculaires altern\u00e9s aident \u00e0 r\u00e9duire l&rsquo;intensit\u00e9 de ces \u00e9motions en activant les processus naturels du cerveau pour traiter les souvenirs. Cela permet de lib\u00e9rer les tensions, de soulager la charge \u00e9motionnelle et de cr\u00e9er de nouvelles connexions\u00a0dans notre esprit.<\/p><\/div><\/div><div class=\"wp-block-uagb-faq-child uagb-faq-child__outer-wrap uagb-faq-item uagb-block-5db12a12 \" role=\"tab\" tabindex=\"0\"><div class=\"uagb-faq-questions-button uagb-faq-questions\">\t\t\t<span class=\"uagb-icon uagb-faq-icon-wrap\">\n\t\t\t\t\t\t\t\t<svg xmlns=\"https:\/\/www.w3.org\/2000\/svg\" viewBox= \"0 0 448 512\"><path d=\"M432 256c0 17.69-14.33 32.01-32 32.01H256v144c0 17.69-14.33 31.99-32 31.99s-32-14.3-32-31.99v-144H48c-17.67 0-32-14.32-32-32.01s14.33-31.99 32-31.99H192v-144c0-17.69 14.33-32.01 32-32.01s32 14.32 32 32.01v144h144C417.7 224 432 238.3 432 256z\"><\/path><\/svg>\n\t\t\t\t\t\t\t<\/span>\n\t\t\t\t\t\t<span class=\"uagb-icon-active uagb-faq-icon-wrap\">\n\t\t\t\t\t\t\t\t<svg xmlns=\"https:\/\/www.w3.org\/2000\/svg\" viewBox= \"0 0 448 512\"><path d=\"M400 288h-352c-17.69 0-32-14.32-32-32.01s14.31-31.99 32-31.99h352c17.69 0 32 14.3 32 31.99S417.7 288 400 288z\"><\/path><\/svg>\n\t\t\t\t\t\t\t<\/span>\n\t\t\t<span class=\"uagb-question\"><strong>Qu&rsquo;est-ce que les mouvements oculaires altern\u00e9s <\/strong>?<\/span><\/div><div class=\"uagb-faq-content\"><p>Les mouvements oculaires altern\u00e9s consistent \u00e0 d\u00e9placer doucement les yeux d&rsquo;un c\u00f4t\u00e9 \u00e0 l&rsquo;autre,\u00a0en suivant un rythme calme et fluide. Cette pratique fait partie d&rsquo;une m\u00e9thode appel\u00e9e EMDR (Eye Movement Desensitization and Reprocessing), qui aide \u00e0 traiter les souvenirs douloureux et les \u00e9motions li\u00e9es aux traumatismes. Les mouvements oculaires stimulent les deux h\u00e9misph\u00e8res du cerveau de mani\u00e8re \u00e9quilibr\u00e9e, ce qui peut favoriser le traitement des \u00e9motions difficiles et la r\u00e9int\u00e9gration des exp\u00e9riences traumatiques dans un cadre plus apais\u00e9.<\/p><\/div><\/div><\/div>\n\n\n<hr class=\"wp-block-separator has-alpha-channel-opacity\"\/>\n\n\n\n<p class=\"has-text-align-center has-text-color has-link-color wp-elements-20cc45be55012c72125d350be388fb68\" style=\"color:#1a4212;font-size:19px\">Les bienfaits des mouvements oculaires altern\u00e9s<\/p>\n\n\n\n<ol class=\"wp-block-list\">\n<li>R\u00e9duction du stress et de l&rsquo;anxi\u00e9t\u00e9 :&nbsp;Les mouvements oculaires altern\u00e9s favorisent une relaxation profonde et permettent de diminuer les sympt\u00f4mes de stress, de panique et d&rsquo;anxi\u00e9t\u00e9.<\/li>\n\n\n\n<li>Lib\u00e9ration \u00e9motionnelle :&nbsp;Ils aident \u00e0 d\u00e9nouer les \u00e9motions li\u00e9es au traumatisme, permettant ainsi de se sentir plus l\u00e9ger et plus serein.<\/li>\n\n\n\n<li>Am\u00e9lioration de la r\u00e9silience :&nbsp;Cette pratique renforce la capacit\u00e9 du cerveau \u00e0 g\u00e9rer les \u00e9motions difficiles, aidant ainsi \u00e0 mieux faire face aux d\u00e9fis de la vie quotidienne.<\/li>\n\n\n\n<li>R\u00e9gulation des souvenirs traumatiques :&nbsp;Elle permet de traiter les souvenirs de mani\u00e8re plus \u00e9quilibr\u00e9e, \u00e9vitant qu&rsquo;ils ne perturbent constamment votre esprit.<\/li>\n<\/ol>\n\n\n\n<hr class=\"wp-block-separator has-alpha-channel-opacity\"\/>\n\n\n\t\t\t\t\t<div\n\t\t\t\t\t\tclass=\"wp-block-uagb-image-gallery uagb-block-676345b7     \"\n\t\t\t\t\t\tstyle=\"\"\n\t\t\t\t\t>\n\t\t\t\t\t\t\t\t\t\t\t<div class=\"spectra-image-gallery spectra-image-gallery__layout--carousel\">\n\t\t\t\t\t\t\t\t<div class=\"uagb-slick-carousel uagb-block-676345b7\">\n\t\t\t\t\t\t\t\t\t\t\t\t<div class='spectra-image-gallery__media-wrapper' data-spectra-gallery-image-id='483'>\n\t\t\t\t\t\t\t<div class=\"spectra-image-gallery__media spectra-image-gallery__media--carousel\">\n\t\t\t\t<picture>\n\t\t\t\t\t<source media=\"(min-width: 1024px)\" srcset=\"https:\/\/www.bcerezasophrohyp.fr\/wp-content\/uploads\/2025\/06\/magic-cube-cube-puzzle-play-54101-1024x683.webp\">\n\t\t\t\t\t<source media=\"(min-width: 768px)\" srcset=\"https:\/\/www.bcerezasophrohyp.fr\/wp-content\/uploads\/2025\/06\/magic-cube-cube-puzzle-play-54101-1024x683.webp\">\n\t\t\t\t\t<img decoding=\"async\" class=\"spectra-image-gallery__media-thumbnail spectra-image-gallery__media-thumbnail--carousel\" src=\"https:\/\/www.bcerezasophrohyp.fr\/wp-content\/uploads\/2025\/06\/magic-cube-cube-puzzle-play-54101-300x200.webp\" alt=\"\" loading=\"lazy\" \/>\n\t\t\t\t<\/picture>\n\t\t\t\t<div class=\"spectra-image-gallery__media-thumbnail-blurrer\"><\/div>\n\t\t\t\t\t\t\t\t\t\t\t<div class=\"spectra-image-gallery__media-thumbnail-caption-wrapper spectra-image-gallery__media-thumbnail-caption-wrapper--overlay\">\n\t\t\t\t\t\t\t\t\t\t\t<div class=\"spectra-image-gallery__media-thumbnail-caption spectra-image-gallery__media-thumbnail-caption--overlay\">\n\t\t\t\t\td\u00e9bloquer\t\t\t\t<\/div>\n\t\t\t\t\t\t\t\t\t\t<\/div>\n\t\t\t\t\t\t\t\t\t<\/div>\n\t\t\t\t\t\t<\/div>\n\t\t\t\t\t\t<div class='spectra-image-gallery__media-wrapper' data-spectra-gallery-image-id='484'>\n\t\t\t\t\t\t\t<div class=\"spectra-image-gallery__media spectra-image-gallery__media--carousel\">\n\t\t\t\t<picture>\n\t\t\t\t\t<source media=\"(min-width: 1024px)\" srcset=\"https:\/\/www.bcerezasophrohyp.fr\/wp-content\/uploads\/2025\/06\/pexels-photo-724994-1024x736.webp\">\n\t\t\t\t\t<source media=\"(min-width: 768px)\" srcset=\"https:\/\/www.bcerezasophrohyp.fr\/wp-content\/uploads\/2025\/06\/pexels-photo-724994-1024x736.webp\">\n\t\t\t\t\t<img decoding=\"async\" class=\"spectra-image-gallery__media-thumbnail spectra-image-gallery__media-thumbnail--carousel\" src=\"https:\/\/www.bcerezasophrohyp.fr\/wp-content\/uploads\/2025\/06\/pexels-photo-724994-300x216.webp\" alt=\"\" loading=\"lazy\" \/>\n\t\t\t\t<\/picture>\n\t\t\t\t<div class=\"spectra-image-gallery__media-thumbnail-blurrer\"><\/div>\n\t\t\t\t\t\t\t\t\t\t\t<div class=\"spectra-image-gallery__media-thumbnail-caption-wrapper spectra-image-gallery__media-thumbnail-caption-wrapper--overlay\">\n\t\t\t\t\t\t\t\t\t\t\t<div class=\"spectra-image-gallery__media-thumbnail-caption spectra-image-gallery__media-thumbnail-caption--overlay\">\n\t\t\t\t\tcomprendre\t\t\t\t<\/div>\n\t\t\t\t\t\t\t\t\t\t<\/div>\n\t\t\t\t\t\t\t\t\t<\/div>\n\t\t\t\t\t\t<\/div>\n\t\t\t\t\t\t<div class='spectra-image-gallery__media-wrapper' data-spectra-gallery-image-id='485'>\n\t\t\t\t\t\t\t<div class=\"spectra-image-gallery__media spectra-image-gallery__media--carousel\">\n\t\t\t\t<picture>\n\t\t\t\t\t<source media=\"(min-width: 1024px)\" srcset=\"https:\/\/www.bcerezasophrohyp.fr\/wp-content\/uploads\/2025\/06\/pexels-photo-8849272-1024x683.webp\">\n\t\t\t\t\t<source media=\"(min-width: 768px)\" srcset=\"https:\/\/www.bcerezasophrohyp.fr\/wp-content\/uploads\/2025\/06\/pexels-photo-8849272-1024x683.webp\">\n\t\t\t\t\t<img decoding=\"async\" class=\"spectra-image-gallery__media-thumbnail spectra-image-gallery__media-thumbnail--carousel\" src=\"https:\/\/www.bcerezasophrohyp.fr\/wp-content\/uploads\/2025\/06\/pexels-photo-8849272-300x200.webp\" alt=\"\" loading=\"lazy\" \/>\n\t\t\t\t<\/picture>\n\t\t\t\t<div class=\"spectra-image-gallery__media-thumbnail-blurrer\"><\/div>\n\t\t\t\t\t\t\t\t\t\t\t<div class=\"spectra-image-gallery__media-thumbnail-caption-wrapper spectra-image-gallery__media-thumbnail-caption-wrapper--overlay\">\n\t\t\t\t\t\t\t\t\t\t\t<div class=\"spectra-image-gallery__media-thumbnail-caption spectra-image-gallery__media-thumbnail-caption--overlay\">\n\t\t\t\t\trel\u00e2cher\t\t\t\t<\/div>\n\t\t\t\t\t\t\t\t\t\t<\/div>\n\t\t\t\t\t\t\t\t\t<\/div>\n\t\t\t\t\t\t<\/div>\n\t\t\t\t\t\t\t\t\t\t\t<\/div>\n\t\t\t\t\t\t\t<\/div>\n\t\t\t\t\t\t\t\t\t\t\t<\/div>\n\t\t\t\t\t\t\t\t\t\n\n\n<p><\/p>\n\n\n\n<div class=\"wp-block-uagb-separator uagb-block-b51bd033 wp-block-uagb-separator--icon\"><div class=\"wp-block-uagb-separator__inner\" style=\"--my-background-image:\"><div class=\"wp-block-uagb-separator-element\"><svg xmlns=\"https:\/\/www.w3.org\/2000\/svg\" viewBox=\"0 0 448 512\"><path d=\"M448 336v-288C448 21.49 426.5 0 400 0H352v191.1c0 13.41-15.52 20.88-25.1 12.49L272 160L217.1 204.5C207.5 212.8 192 205.4 192 191.1V0H96C42.98 0 0 42.98 0 96v320c0 53.02 42.98 96 96 96h320c17.67 0 32-14.33 32-32c0-11.72-6.607-21.52-16-27.1v-81.36C441.8 362.8 448 350.2 448 336zM384 448H96c-17.67 0-32-14.33-32-32c0-17.67 14.33-32 32-32h288V448z\"><\/path><\/svg><\/div><\/div><\/div>\n\n\n\n<p><\/p>\n\n\n\n<p>Les mouvements oculaires altern\u00e9s ne sont qu&rsquo;un des nombreux outils qui peuvent vous aider \u00e0 gu\u00e9rir d&rsquo;un trauma. Ils offrent une approche douce, respectueuse et efficace pour traiter les \u00e9motions douloureuses et r\u00e9tablir un \u00e9quilibre int\u00e9rieur. Si vous sentez que vous avez&nbsp;besoin de soutien suppl\u00e9mentaire, il est toujours bon de consulter un professionnel&nbsp;de la sant\u00e9 mentale form\u00e9 \u00e0 ces techniques pour vous accompagner dans votre cheminement vers la gu\u00e9rison.<\/p>\n\n\n\n<p><\/p>\n\n\n\n<figure class=\"wp-block-embed is-type-video is-provider-youtube wp-block-embed-youtube wp-embed-aspect-16-9 wp-has-aspect-ratio\"><div class=\"wp-block-embed__wrapper\">\n<div class=\"ast-oembed-container \" style=\"height: 100%;\"><iframe loading=\"lazy\" title=\"EMDR : une \u00e9tonnante th\u00e9rapie qui a fait ses preuves face aux traumatismes\" width=\"500\" height=\"281\" src=\"https:\/\/www.youtube.com\/embed\/mL97_dEHdsA?feature=oembed\" frameborder=\"0\" allow=\"accelerometer; autoplay; clipboard-write; encrypted-media; gyroscope; picture-in-picture; web-share\" referrerpolicy=\"strict-origin-when-cross-origin\" allowfullscreen><\/iframe><\/div>\n<\/div><\/figure>\n\n\n\n<p><\/p>\n\n\n\n<div class=\"wp-block-uagb-call-to-action uagb-block-8e6fcea1 wp-block-button\"><div class=\"uagb-cta__wrap\"><h3 class=\"uagb-cta__title\"><strong>Souvenez-vous<\/strong><\/h3><p class=\"uagb-cta__desc\">Chaque \u00e9tape du processus de gu\u00e9rison est un acte de bienveillance envers vous-m\u00eame. Prenez votre temps, soyez doux avec vous-m\u00eame et laissez la gu\u00e9rison se faire \u00e0 son rythme.<\/p><\/div><div class=\"uagb-cta__buttons\"><a href=\"https:\/\/www.bcerezasophrohyp.fr\/?page_id=30\" class=\"uagb-cta__button-link-wrapper wp-block-button__link\" target=\"_self\" rel=\"noopener noreferrer\">Prendre rdv<\/a><\/div><\/div>\n\n\n<div class=\"wp-block-uagb-faq uagb-faq__outer-wrap uagb-block-a1afda55 uagb-faq-icon-row uagb-faq-layout-accordion uagb-faq-expand-first-true uagb-faq-inactive-other-true uagb-faq__wrap uagb-buttons-layout-wrap uagb-faq-equal-height     \" data-faqtoggle=\"true\" role=\"tablist\"><\/div>","protected":false},"excerpt":{"rendered":"<p>G\u00e9rer un trauma avec les mouvements oculaires et altern\u00e9s Les techniques de mouvements oculaires et altern\u00e9s constituent une m\u00e9thode th\u00e9rapeutique efficace pour traiter les traumatismes psychologiques. Inspir\u00e9es de l&rsquo;EMDR (Eye Movement Desensitization and Reprocessing), ces pratiques mobilisent des m\u00e9canismes neurobiologiques naturels pour transformer les souvenirs traumatiques. Principes fondamentaux : Active simultan\u00e9ment les deux h\u00e9misph\u00e8res c\u00e9r\u00e9braux [&hellip;]<\/p>\n","protected":false},"author":4,"featured_media":0,"parent":0,"menu_order":0,"comment_status":"closed","ping_status":"closed","template":"","meta":{"_uag_custom_page_level_css":"","site-sidebar-layout":"default","site-content-layout":"","ast-site-content-layout":"","site-content-style":"default","site-sidebar-style":"default","ast-global-header-display":"","ast-banner-title-visibility":"","ast-main-header-display":"","ast-hfb-above-header-display":"","ast-hfb-below-header-display":"","ast-hfb-mobile-header-display":"","site-post-title":"","ast-breadcrumbs-content":"","ast-featured-img":"","footer-sml-layout":"","theme-transparent-header-meta":"","adv-header-id-meta":"","stick-header-meta":"","header-above-stick-meta":"","header-main-stick-meta":"","header-below-stick-meta":"","astra-migrate-meta-layouts":"default","ast-page-background-enabled":"default","ast-page-background-meta":{"desktop":{"background-color":"var(--ast-global-color-4)","background-image":"","background-repeat":"repeat","background-position":"center center","background-size":"auto","background-attachment":"scroll","background-type":"","background-media":"","overlay-type":"","overlay-color":"","overlay-opacity":"","overlay-gradient":""},"tablet":{"background-color":"","background-image":"","background-repeat":"repeat","background-position":"center center","background-size":"auto","background-attachment":"scroll","background-type":"","background-media":"","overlay-type":"","overlay-color":"","overlay-opacity":"","overlay-gradient":""},"mobile":{"background-color":"","background-image":"","background-repeat":"repeat","background-position":"center center","background-size":"auto","background-attachment":"scroll","background-type":"","background-media":"","overlay-type":"","overlay-color":"","overlay-opacity":"","overlay-gradient":""}},"ast-content-background-meta":{"desktop":{"background-color":"var(--ast-global-color-5)","background-image":"","background-repeat":"repeat","background-position":"center center","background-size":"auto","background-attachment":"scroll","background-type":"","background-media":"","overlay-type":"","overlay-color":"","overlay-opacity":"","overlay-gradient":""},"tablet":{"background-color":"var(--ast-global-color-5)","background-image":"","background-repeat":"repeat","background-position":"center center","background-size":"auto","background-attachment":"scroll","background-type":"","background-media":"","overlay-type":"","overlay-color":"","overlay-opacity":"","overlay-gradient":""},"mobile":{"background-color":"var(--ast-global-color-5)","background-image":"","background-repeat":"repeat","background-position":"center center","background-size":"auto","background-attachment":"scroll","background-type":"","background-media":"","overlay-type":"","overlay-color":"","overlay-opacity":"","overlay-gradient":""}},"footnotes":""},"class_list":["post-458","page","type-page","status-publish","hentry"],"uagb_featured_image_src":{"full":false,"thumbnail":false,"medium":false,"medium_large":false,"large":false,"1536x1536":false,"2048x2048":false},"uagb_author_info":{"display_name":"chloe jerome","author_link":"https:\/\/www.bcerezasophrohyp.fr\/?author=4"},"uagb_comment_info":0,"uagb_excerpt":"G\u00e9rer un trauma avec les mouvements oculaires et altern\u00e9s Les techniques de mouvements oculaires et altern\u00e9s constituent une m\u00e9thode th\u00e9rapeutique efficace pour traiter les traumatismes psychologiques. Inspir\u00e9es de l&rsquo;EMDR (Eye Movement Desensitization and Reprocessing), ces pratiques mobilisent des m\u00e9canismes neurobiologiques naturels pour transformer les souvenirs traumatiques. Principes fondamentaux : Active simultan\u00e9ment les deux h\u00e9misph\u00e8res c\u00e9r\u00e9braux\u2026","_links":{"self":[{"href":"https:\/\/www.bcerezasophrohyp.fr\/index.php?rest_route=\/wp\/v2\/pages\/458","targetHints":{"allow":["GET"]}}],"collection":[{"href":"https:\/\/www.bcerezasophrohyp.fr\/index.php?rest_route=\/wp\/v2\/pages"}],"about":[{"href":"https:\/\/www.bcerezasophrohyp.fr\/index.php?rest_route=\/wp\/v2\/types\/page"}],"author":[{"embeddable":true,"href":"https:\/\/www.bcerezasophrohyp.fr\/index.php?rest_route=\/wp\/v2\/users\/4"}],"replies":[{"embeddable":true,"href":"https:\/\/www.bcerezasophrohyp.fr\/index.php?rest_route=%2Fwp%2Fv2%2Fcomments&post=458"}],"version-history":[{"count":37,"href":"https:\/\/www.bcerezasophrohyp.fr\/index.php?rest_route=\/wp\/v2\/pages\/458\/revisions"}],"predecessor-version":[{"id":593,"href":"https:\/\/www.bcerezasophrohyp.fr\/index.php?rest_route=\/wp\/v2\/pages\/458\/revisions\/593"}],"wp:attachment":[{"href":"https:\/\/www.bcerezasophrohyp.fr\/index.php?rest_route=%2Fwp%2Fv2%2Fmedia&parent=458"}],"curies":[{"name":"wp","href":"https:\/\/api.w.org\/{rel}","templated":true}]}}