{"id":527,"date":"2025-06-05T08:57:51","date_gmt":"2025-06-05T08:57:51","guid":{"rendered":"https:\/\/www.bcerezasophrohyp.fr\/?page_id=527"},"modified":"2025-06-05T10:14:42","modified_gmt":"2025-06-05T10:14:42","slug":"pma","status":"publish","type":"page","link":"https:\/\/www.bcerezasophrohyp.fr\/?page_id=527","title":{"rendered":"PMA"},"content":{"rendered":"\n<div class=\"wp-block-cover is-light\" style=\"min-height:336px;aspect-ratio:unset;\"><span aria-hidden=\"true\" class=\"wp-block-cover__background has-background-dim-60 has-background-dim\" style=\"background-color:#a2a49a\"><\/span><img loading=\"lazy\" decoding=\"async\" width=\"1200\" height=\"800\" class=\"wp-block-cover__image-background wp-image-597\" alt=\"\" src=\"https:\/\/www.bcerezasophrohyp.fr\/wp-content\/uploads\/2025\/06\/free-photo-of-bulles-de-savon-colorees-et-irisees-flottant-a-l-exterieur.jpeg\" data-object-fit=\"cover\" srcset=\"https:\/\/www.bcerezasophrohyp.fr\/wp-content\/uploads\/2025\/06\/free-photo-of-bulles-de-savon-colorees-et-irisees-flottant-a-l-exterieur.jpeg 1200w, https:\/\/www.bcerezasophrohyp.fr\/wp-content\/uploads\/2025\/06\/free-photo-of-bulles-de-savon-colorees-et-irisees-flottant-a-l-exterieur-300x200.jpeg 300w, https:\/\/www.bcerezasophrohyp.fr\/wp-content\/uploads\/2025\/06\/free-photo-of-bulles-de-savon-colorees-et-irisees-flottant-a-l-exterieur-1024x683.jpeg 1024w, https:\/\/www.bcerezasophrohyp.fr\/wp-content\/uploads\/2025\/06\/free-photo-of-bulles-de-savon-colorees-et-irisees-flottant-a-l-exterieur-768x512.jpeg 768w\" sizes=\"auto, (max-width: 1200px) 100vw, 1200px\" \/><div class=\"wp-block-cover__inner-container is-layout-constrained wp-block-cover-is-layout-constrained\">\n<p><\/p>\n\n\n\n<p class=\"has-text-align-center has-ast-global-color-8-color has-text-color has-link-color has-large-font-size wp-elements-683fdfed2ab0765460007fddf98731ff\"><strong>Procr\u00e9ation m\u00e9dicalement assist\u00e9e<\/strong><\/p>\n<\/div><\/div>\n\n\n\n<p><\/p>\n\n\n\n<p>Le parcours de la PMA est un chemin souvent jalonn\u00e9 d\u2019\u00e9motions et de questionnements. Chaque \u00e9tape peut \u00eatre une source de stress, de doutes, mais \u00e9galement d\u2019espoir et de renouveau. \u00c0 travers l\u2019accompagnement en sophrologie, nous vous invitons \u00e0 vivre ce cheminement avec s\u00e9r\u00e9nit\u00e9 et confiance. La sophrologie est une m\u00e9thode douce qui vous aide \u00e0 mieux g\u00e9rer vos \u00e9motions, \u00e0 vous apaiser et \u00e0 vous recentrer sur vos ressources int\u00e9rieures.<\/p>\n\n\n\n<div class=\"wp-block-uagb-separator uagb-block-977a2f51 wp-block-uagb-separator--icon\"><div class=\"wp-block-uagb-separator__inner\" style=\"--my-background-image:\"><div class=\"wp-block-uagb-separator-element\"><svg xmlns=\"https:\/\/www.w3.org\/2000\/svg\" viewBox=\"0 0 512 512\"><path d=\"M304 48C304 74.51 282.5 96 256 96C229.5 96 208 74.51 208 48C208 21.49 229.5 0 256 0C282.5 0 304 21.49 304 48zM248 352V480C248 497.7 233.7 512 216 512C198.3 512 184 497.7 184 480V256.9L155.4 304.5C146.3 319.6 126.7 324.5 111.5 315.4C96.37 306.3 91.47 286.7 100.6 271.5L158.8 174.6C176.2 145.7 207.4 128 241.1 128H270.9C304.6 128 335.8 145.7 353.2 174.6L411.4 271.5C420.5 286.7 415.6 306.3 400.5 315.4C385.3 324.5 365.7 319.6 356.6 304.5L328 256.9V480C328 497.7 313.7 512 296 512C278.3 512 264 497.7 264 480V352L248 352zM7.029 7.029C16.4-2.343 31.6-2.343 40.97 7.029L120.1 87.03C130.3 96.4 130.3 111.6 120.1 120.1C111.6 130.3 96.4 130.3 87.03 120.1L7.029 40.97C-2.343 31.6-2.343 16.4 7.029 7.029V7.029zM471 7.029C480.4-2.343 495.6-2.343 504.1 7.029C514.3 16.4 514.3 31.6 504.1 40.97L424.1 120.1C415.6 130.3 400.4 130.3 391 120.1C381.7 111.6 381.7 96.4 391 87.03L471 7.029zM7.029 471L87.03 391C96.4 381.7 111.6 381.7 120.1 391C130.3 400.4 130.3 415.6 120.1 424.1L40.97 504.1C31.6 514.3 16.4 514.3 7.029 504.1C-2.343 495.6-2.343 480.4 7.029 471V471zM391 424.1C381.7 415.6 381.7 400.4 391 391C400.4 381.7 415.6 381.7 424.1 391L504.1 471C514.3 480.4 514.3 495.6 504.1 504.1C495.6 514.3 480.4 514.3 471 504.1L391 424.1z\"><\/path><\/svg><\/div><\/div><\/div>\n\n\n\n<p><\/p>\n\n\n\n<p class=\"has-text-align-center\"><strong>La pr\u00e9paration \u00e0 la PMA : S&rsquo;ancrer dans le moment pr\u00e9sent<\/strong><\/p>\n\n\n\n<p><\/p>\n\n\n\n<div class=\"wp-block-media-text is-stacked-on-mobile\" style=\"grid-template-columns:48% auto\"><figure class=\"wp-block-media-text__media\"><img loading=\"lazy\" decoding=\"async\" width=\"1024\" height=\"683\" src=\"https:\/\/www.bcerezasophrohyp.fr\/wp-content\/uploads\/2025\/06\/pexels-photo-5323336-1024x683.jpeg\" alt=\"\" class=\"wp-image-531 size-full\" srcset=\"https:\/\/www.bcerezasophrohyp.fr\/wp-content\/uploads\/2025\/06\/pexels-photo-5323336-1024x683.jpeg 1024w, https:\/\/www.bcerezasophrohyp.fr\/wp-content\/uploads\/2025\/06\/pexels-photo-5323336-300x200.jpeg 300w, https:\/\/www.bcerezasophrohyp.fr\/wp-content\/uploads\/2025\/06\/pexels-photo-5323336-768x512.jpeg 768w, https:\/\/www.bcerezasophrohyp.fr\/wp-content\/uploads\/2025\/06\/pexels-photo-5323336.jpeg 1200w\" sizes=\"auto, (max-width: 1024px) 100vw, 1024px\" \/><\/figure><div class=\"wp-block-media-text__content\">\n<p>La premi\u00e8re \u00e9tape de la PMA est souvent la plus charg\u00e9e en incertitudes. Les attentes, les examens et les traitements peuvent g\u00e9n\u00e9rer de l\u2019anxi\u00e9t\u00e9. <\/p>\n\n\n\n<p>La sophrologie intervient ici pour vous permettre de vous recentrer sur vous-m\u00eame. <\/p>\n\n\n\n<p>Gr\u00e2ce \u00e0 des exercices de respiration et de relaxation, vous apprenez \u00e0 apaiser votre mental et \u00e0 vous connecter \u00e0 vos sensations corporelles. <\/p>\n\n\n\n<p>Cela vous aide \u00e0 diminuer l&rsquo;anxi\u00e9t\u00e9 et \u00e0 aborder les \u00e9tapes avec plus de calme et de clart\u00e9.<\/p>\n<\/div><\/div>\n\n\n\n<p><\/p>\n\n\n\n<ul class=\"wp-block-list\">\n<li>R\u00e9duction du stress<\/li>\n\n\n\n<li>Am\u00e9lioration de la gestion des \u00e9motions<\/li>\n\n\n\n<li>Accroissement de la confiance en soi<\/li>\n<\/ul>\n\n\n\n<p><\/p>\n\n\n\n<blockquote class=\"wp-block-quote has-background is-layout-flow wp-block-quote-is-layout-flow\" style=\"background-color:#f3faed80\">\n<p>\u00ab\u00a0La sophrologie m\u2019a permis de me sentir \u00e9paul\u00e9e, entendue dans mon ressenti tant physique que psychique. \u00ab\u00a0<br>\u00a0\u00bb Avant, je laissais le stress m\u2019envahir sans savoir comment agir pour y rem\u00e9dier. La sophrologie m\u2019a appris \u00e0 le ma\u00eetriser. \u00ab\u00a0<br>\u00a0\u00bb Pour moi, l\u2019essentiel de mon exp\u00e9rience avec la sophrologie en PMA, c\u2019est l\u2019impression d\u2019\u00eatre regonfl\u00e9e \u00e0 bloc apr\u00e8s chaque s\u00e9ance. \u00ab\u00a0<br>\u2014 T\u00e9moignages recueillis sur le site Fiv.fr<\/p>\n<\/blockquote>\n\n\n\n<div class=\"wp-block-uagb-separator uagb-block-e6943806 wp-block-uagb-separator--icon\"><div class=\"wp-block-uagb-separator__inner\" style=\"--my-background-image:\"><div class=\"wp-block-uagb-separator-element\"><svg xmlns=\"https:\/\/www.w3.org\/2000\/svg\" viewBox=\"0 0 512 512\"><path d=\"M256.3-.0068C261.9-.0507 267.3 1.386 272.1 4.066L476.5 90.53C487.7 95.27 495.2 105.1 495.9 118.1C501.6 213.6 466.7 421.9 272.5 507.7C267.6 510.5 261.1 512.1 256.3 512C250.5 512.1 244.9 510.5 239.1 507.7C45.8 421.9 10.95 213.6 16.57 118.1C17.28 105.1 24.83 95.27 36.04 90.53L240.4 4.066C245.2 1.386 250.7-.0507 256.3-.0068H256.3zM266.1 363.4L364.2 263.6C392.2 234.7 390.5 186.6 358.1 159.5C331.8 135.8 291.5 140.2 266.1 166.5L256.4 176.1L245.9 166.5C221.4 140.2 180.2 135.8 153 159.5C121.5 186.6 119.8 234.7 147.8 263.6L244.2 363.4C251.2 369.5 260.8 369.5 266.1 363.4V363.4z\"><\/path><\/svg><\/div><\/div><\/div>\n\n\n\n<p><\/p>\n\n\n\n<p class=\"has-text-align-center\" style=\"font-size:18px\"><strong>Les traitements : Accueillir les changements avec calme et s\u00e9r\u00e9nit\u00e9<\/strong><\/p>\n\n\n\n<p><\/p>\n\n\n\n<div class=\"wp-block-media-text has-media-on-the-right is-stacked-on-mobile\" style=\"grid-template-columns:auto 48%\"><div class=\"wp-block-media-text__content\">\n<p>Les traitements de la PMA, qu\u2019il s\u2019agisse de stimulations ovariennes ou de la f\u00e9condation in vitro, peuvent perturber votre \u00e9quilibre. <\/p>\n\n\n\n<p>La sophrologie vous aide \u00e0 int\u00e9grer ces changements de mani\u00e8re plus douce. <\/p>\n\n\n\n<p>\u00c0 travers des techniques de relaxation profonde et de visualisation positive, vous apprenez \u00e0 rel\u00e2cher les tensions et \u00e0 l\u00e2cher prise, afin de mieux accepter les fluctuations hormonales et \u00e9motionnelles.<\/p>\n<\/div><figure class=\"wp-block-media-text__media\"><img loading=\"lazy\" decoding=\"async\" width=\"1024\" height=\"683\" src=\"https:\/\/www.bcerezasophrohyp.fr\/wp-content\/uploads\/2025\/06\/pexels-photo-6643010-1024x683.webp\" alt=\"\" class=\"wp-image-534 size-full\" srcset=\"https:\/\/www.bcerezasophrohyp.fr\/wp-content\/uploads\/2025\/06\/pexels-photo-6643010-1024x683.webp 1024w, https:\/\/www.bcerezasophrohyp.fr\/wp-content\/uploads\/2025\/06\/pexels-photo-6643010-300x200.webp 300w, https:\/\/www.bcerezasophrohyp.fr\/wp-content\/uploads\/2025\/06\/pexels-photo-6643010-768x512.webp 768w, https:\/\/www.bcerezasophrohyp.fr\/wp-content\/uploads\/2025\/06\/pexels-photo-6643010.webp 1200w\" sizes=\"auto, (max-width: 1024px) 100vw, 1024px\" \/><\/figure><\/div>\n\n\n\n<p><\/p>\n\n\n\n<div data-aos= \"fade-down\" data-aos-duration=\"400\" data-aos-delay=\"0\" data-aos-easing=\"ease\" data-aos-once=\"true\" class=\"wp-block-uagb-call-to-action uagb-block-06bd749d wp-block-button\"><div class=\"uagb-cta__wrap\"><h3 class=\"uagb-cta__title\">En savoir plus<\/h3><p class=\"uagb-cta__desc\">Revue<\/p><\/div><div class=\"uagb-cta__buttons\"><a href=\"https:\/\/www.medoucine.com\/blog\/la-sophrologie-comme-alliee-dans-un-parcours-en-pma\/\" class=\"uagb-cta__button-link-wrapper wp-block-button__link\" target=\"_self\" rel=\"noopener noreferrer\">cliquez ici<\/a><\/div><\/div>\n\n\n\n<p><\/p>\n\n\n\n<div class=\"wp-block-uagb-separator uagb-block-5feb13f7 wp-block-uagb-separator--icon\"><div class=\"wp-block-uagb-separator__inner\" style=\"--my-background-image:\"><div class=\"wp-block-uagb-separator-element\"><svg xmlns=\"https:\/\/www.w3.org\/2000\/svg\" viewBox=\"0 0 512 512\"><path d=\"M256 0C114.6 0 0 114.6 0 256s114.6 256 256 256s256-114.6 256-256S397.4 0 256 0zM224 445.1c-36.36-6.141-69.2-22.48-95.59-46.04L224 322.6V445.1zM288 322.6l95.59 76.47C357.2 422.6 324.4 438.1 288 445.1V322.6zM64 256c0-94.95 69.34-173.8 160-189.1v173.7l-135.7 108.6C72.86 321.6 64 289.8 64 256zM423.7 349.2L288 240.6V66.89C378.7 82.2 448 161.1 448 256C448 289.8 439.1 321.6 423.7 349.2z\"><\/path><\/svg><\/div><\/div><\/div>\n\n\n\n<p><\/p>\n\n\n\n<p class=\"has-text-align-center\" style=\"font-size:19px\"><strong>L\u2019attente du R\u00e9sultat : Trouver la paix int\u00e9rieure<\/strong><\/p>\n\n\n\n<p>L\u2019attente du r\u00e9sultat apr\u00e8s un traitement est souvent un moment de grande incertitude. La sophrologie vous permet de vivre ce moment avec plus de s\u00e9r\u00e9nit\u00e9. En vous appuyant sur des techniques de respiration et de relaxation mentale, vous apprenez \u00e0 accepter ce qui est, tout en maintenant l\u2019espoir. Ces outils vous aident \u00e0 l\u00e2cher prise sur ce que vous ne pouvez contr\u00f4ler, tout en nourrissant une attitude positive.<\/p>\n\n\n\n<div class=\"wp-block-uagb-container uagb-block-2b191d62 alignfull uagb-is-root-container\"><div class=\"uagb-container-inner-blocks-wrap\">\n<div class=\"wp-block-uagb-container uagb-block-b1f8f3b0\">\n<figure class=\"wp-block-image size-full\"><img loading=\"lazy\" decoding=\"async\" width=\"612\" height=\"408\" src=\"https:\/\/www.bcerezasophrohyp.fr\/wp-content\/uploads\/2025\/06\/istockphoto-1739071127-612x612-2.jpg\" alt=\"\" class=\"wp-image-539\" srcset=\"https:\/\/www.bcerezasophrohyp.fr\/wp-content\/uploads\/2025\/06\/istockphoto-1739071127-612x612-2.jpg 612w, https:\/\/www.bcerezasophrohyp.fr\/wp-content\/uploads\/2025\/06\/istockphoto-1739071127-612x612-2-300x200.jpg 300w\" sizes=\"auto, (max-width: 612px) 100vw, 612px\" \/><\/figure>\n<\/div>\n\n\n\n<div class=\"wp-block-uagb-container uagb-block-fb721883\">\n<figure class=\"wp-block-image size-large\"><img loading=\"lazy\" decoding=\"async\" width=\"1024\" height=\"683\" src=\"https:\/\/www.bcerezasophrohyp.fr\/wp-content\/uploads\/2025\/06\/pexels-photo-8849272-1-1024x683.webp\" alt=\"\" class=\"wp-image-540\" srcset=\"https:\/\/www.bcerezasophrohyp.fr\/wp-content\/uploads\/2025\/06\/pexels-photo-8849272-1-1024x683.webp 1024w, https:\/\/www.bcerezasophrohyp.fr\/wp-content\/uploads\/2025\/06\/pexels-photo-8849272-1-300x200.webp 300w, https:\/\/www.bcerezasophrohyp.fr\/wp-content\/uploads\/2025\/06\/pexels-photo-8849272-1-768x512.webp 768w, https:\/\/www.bcerezasophrohyp.fr\/wp-content\/uploads\/2025\/06\/pexels-photo-8849272-1.webp 1200w\" sizes=\"auto, (max-width: 1024px) 100vw, 1024px\" \/><\/figure>\n<\/div>\n<\/div><\/div>\n\n\n\n<ul class=\"wp-block-list\">\n<li>Calme mental pendant l\u2019attente<\/li>\n\n\n\n<li>Apaisement du corps et de l&rsquo;esprit<\/li>\n\n\n\n<li>Confiance en l\u2019avenir<\/li>\n<\/ul>\n\n\n\n<p><\/p>\n\n\n\n<div class=\"wp-block-uagb-separator uagb-block-f8915404 wp-block-uagb-separator--icon\"><div class=\"wp-block-uagb-separator__inner\" style=\"--my-background-image:\"><div class=\"wp-block-uagb-separator-element\"><svg xmlns=\"https:\/\/www.w3.org\/2000\/svg\" viewBox=\"0 0 640 512\"><path d=\"M216.1 236C205.1 222.3 185.8 219.1 172 231c-13.81 11.06-16.05 31.19-5 45l18.86 30.56C194.8 317.7 193.9 333.7 183.8 343.8c-11.79 11.79-31.2 10.71-41.61-2.305L80 256.8V104C80 81.91 62.09 64 40 64S0 81.91 0 104v204.7c0 14.54 4.949 28.65 14.03 40l120.1 151.3C141.1 507.6 150.3 512 159.1 512H256c17.67 0 32.03-14.35 32.03-32.02L288 358.4c0-21.79-7.414-42.93-21.02-59.94L216.1 236zM600 64c-22.09 0-40 17.91-40 40v152.8l-62.2 84.73c-10.41 13.02-29.83 14.09-41.61 2.305c-10.08-10.07-10.97-26.11-2.068-37.24l18.86-30.56c11.05-13.81 8.812-33.94-5-45c-13.77-11.03-33.94-8.75-44.97 5l-49.99 62.5C359.4 315.5 352 336.6 352 358.4l-.0313 121.5C351.1 497.7 366.3 512 384 512h96.02c9.713 0 18.9-4.414 24.96-12l120.1-151.3C635.1 337.4 640 323.3 640 308.7V104C640 81.91 622.1 64 600 64z\"><\/path><\/svg><\/div><\/div><\/div>\n\n\n\n<p><\/p>\n\n\n\n<p class=\"has-text-align-center\" style=\"font-size:19px\"><strong>Le r\u00e9sultat : Accueillir l\u2019\u00e9ventuelle grossesse ou le processus \u00e0 poursuivre<\/strong><\/p>\n\n\n\n<p><\/p>\n\n\n\n<p>Si le r\u00e9sultat est positif, la sophrologie vous aide \u00e0 vivre cette nouvelle \u00e9tape avec douceur et harmonie. Si le parcours continue, la sophrologie reste un soutien pr\u00e9cieux pour maintenir un \u00e9quilibre \u00e9motionnel et mental. Que le chemin aboutisse ou que vous ayez \u00e0 continuer votre parcours, la sophrologie vous offre des cl\u00e9s pour accueillir le futur avec s\u00e9r\u00e9nit\u00e9.<\/p>\n\n\n\n<ul class=\"wp-block-list\">\n<li>Accueil des \u00e9motions li\u00e9es un r\u00e9sultat positif ou un \u00e9chec<\/li>\n\n\n\n<li>Pr\u00e9paration \u00e0 la parentalit\u00e9<\/li>\n\n\n\n<li>Renforcement du bien-\u00eatre global<\/li>\n<\/ul>\n\n\n\n<p><\/p>\n\n\n\n<figure class=\"wp-block-embed is-type-video is-provider-youtube wp-block-embed-youtube wp-embed-aspect-16-9 wp-has-aspect-ratio\"><div class=\"wp-block-embed__wrapper\">\n<div class=\"ast-oembed-container \" style=\"height: 100%;\"><iframe loading=\"lazy\" title=\"Sophrologie pour l&#039;Assistance M\u00e9dicale \u00e0 la Procr\u00e9ation AMP\/PMA avec Charlotte Weiss\" width=\"500\" height=\"281\" src=\"https:\/\/www.youtube.com\/embed\/4j5oNupFKCs?feature=oembed\" frameborder=\"0\" allow=\"accelerometer; autoplay; clipboard-write; encrypted-media; gyroscope; picture-in-picture; web-share\" referrerpolicy=\"strict-origin-when-cross-origin\" allowfullscreen><\/iframe><\/div>\n<\/div><\/figure>\n\n\n\n<p><\/p>\n\n\n\n<p>La sophrologie est un accompagnement sur mesure \u00e0 chaque \u00e9tape de votre parcours PMA<\/p>\n\n\n\n<p>Le parcours de PMA est un chemin unique et personnel, et il est essentiel de prendre soin de soi \u00e0 chaque \u00e9tape. La sophrologie vous accompagne en douceur, vous apportant les outils n\u00e9cessaires pour vivre ce parcours avec plus de calme, de confiance et de s\u00e9r\u00e9nit\u00e9.<\/p>\n\n\n\n<p><\/p>\n\n\n\n<div class=\"wp-block-uagb-buttons uagb-buttons__outer-wrap uagb-btn__default-btn uagb-btn-tablet__default-btn uagb-btn-mobile__default-btn uagb-block-af50a0c4\"><div class=\"uagb-buttons__wrap uagb-buttons-layout-wrap \">\n<div class=\"wp-block-uagb-buttons-child uagb-buttons__outer-wrap uagb-block-446a5d0f wp-block-button\"><div class=\"uagb-button__wrapper\"><a class=\"uagb-buttons-repeater wp-block-button__link\" aria-label=\"\" href=\"https:\/\/www.bcerezasophrohyp.fr\/?page_id=30\" rel=\"follow noopener\" target=\"_self\" role=\"button\"><div class=\"uagb-button__link\">Prendre RDV<\/div><\/a><\/div><\/div>\n<\/div><\/div>\n\n\n\n<p><\/p>\n","protected":false},"excerpt":{"rendered":"<p>Le parcours de la PMA est un chemin souvent jalonn\u00e9 d\u2019\u00e9motions et de questionnements. Chaque \u00e9tape peut \u00eatre une source de stress, de doutes, mais \u00e9galement d\u2019espoir et de renouveau. \u00c0 travers l\u2019accompagnement en sophrologie, nous vous invitons \u00e0 vivre ce cheminement avec s\u00e9r\u00e9nit\u00e9 et confiance. La sophrologie est une m\u00e9thode douce qui vous aide [&hellip;]<\/p>\n","protected":false},"author":4,"featured_media":0,"parent":0,"menu_order":0,"comment_status":"closed","ping_status":"closed","template":"","meta":{"_uag_custom_page_level_css":"","site-sidebar-layout":"default","site-content-layout":"","ast-site-content-layout":"","site-content-style":"default","site-sidebar-style":"default","ast-global-header-display":"","ast-banner-title-visibility":"","ast-main-header-display":"","ast-hfb-above-header-display":"","ast-hfb-below-header-display":"","ast-hfb-mobile-header-display":"","site-post-title":"","ast-breadcrumbs-content":"","ast-featured-img":"","footer-sml-layout":"","theme-transparent-header-meta":"","adv-header-id-meta":"","stick-header-meta":"","header-above-stick-meta":"","header-main-stick-meta":"","header-below-stick-meta":"","astra-migrate-meta-layouts":"default","ast-page-background-enabled":"default","ast-page-background-meta":{"desktop":{"background-color":"var(--ast-global-color-4)","background-image":"","background-repeat":"repeat","background-position":"center center","background-size":"auto","background-attachment":"scroll","background-type":"","background-media":"","overlay-type":"","overlay-color":"","overlay-opacity":"","overlay-gradient":""},"tablet":{"background-color":"","background-image":"","background-repeat":"repeat","background-position":"center center","background-size":"auto","background-attachment":"scroll","background-type":"","background-media":"","overlay-type":"","overlay-color":"","overlay-opacity":"","overlay-gradient":""},"mobile":{"background-color":"","background-image":"","background-repeat":"repeat","background-position":"center center","background-size":"auto","background-attachment":"scroll","background-type":"","background-media":"","overlay-type":"","overlay-color":"","overlay-opacity":"","overlay-gradient":""}},"ast-content-background-meta":{"desktop":{"background-color":"var(--ast-global-color-5)","background-image":"","background-repeat":"repeat","background-position":"center center","background-size":"auto","background-attachment":"scroll","background-type":"","background-media":"","overlay-type":"","overlay-color":"","overlay-opacity":"","overlay-gradient":""},"tablet":{"background-color":"var(--ast-global-color-5)","background-image":"","background-repeat":"repeat","background-position":"center center","background-size":"auto","background-attachment":"scroll","background-type":"","background-media":"","overlay-type":"","overlay-color":"","overlay-opacity":"","overlay-gradient":""},"mobile":{"background-color":"var(--ast-global-color-5)","background-image":"","background-repeat":"repeat","background-position":"center center","background-size":"auto","background-attachment":"scroll","background-type":"","background-media":"","overlay-type":"","overlay-color":"","overlay-opacity":"","overlay-gradient":""}},"footnotes":""},"class_list":["post-527","page","type-page","status-publish","hentry"],"uagb_featured_image_src":{"full":false,"thumbnail":false,"medium":false,"medium_large":false,"large":false,"1536x1536":false,"2048x2048":false},"uagb_author_info":{"display_name":"chloe jerome","author_link":"https:\/\/www.bcerezasophrohyp.fr\/?author=4"},"uagb_comment_info":0,"uagb_excerpt":"Le parcours de la PMA est un chemin souvent jalonn\u00e9 d\u2019\u00e9motions et de questionnements. Chaque \u00e9tape peut \u00eatre une source de stress, de doutes, mais \u00e9galement d\u2019espoir et de renouveau. \u00c0 travers l\u2019accompagnement en sophrologie, nous vous invitons \u00e0 vivre ce cheminement avec s\u00e9r\u00e9nit\u00e9 et confiance. La sophrologie est une m\u00e9thode douce qui vous aide\u2026","_links":{"self":[{"href":"https:\/\/www.bcerezasophrohyp.fr\/index.php?rest_route=\/wp\/v2\/pages\/527","targetHints":{"allow":["GET"]}}],"collection":[{"href":"https:\/\/www.bcerezasophrohyp.fr\/index.php?rest_route=\/wp\/v2\/pages"}],"about":[{"href":"https:\/\/www.bcerezasophrohyp.fr\/index.php?rest_route=\/wp\/v2\/types\/page"}],"author":[{"embeddable":true,"href":"https:\/\/www.bcerezasophrohyp.fr\/index.php?rest_route=\/wp\/v2\/users\/4"}],"replies":[{"embeddable":true,"href":"https:\/\/www.bcerezasophrohyp.fr\/index.php?rest_route=%2Fwp%2Fv2%2Fcomments&post=527"}],"version-history":[{"count":33,"href":"https:\/\/www.bcerezasophrohyp.fr\/index.php?rest_route=\/wp\/v2\/pages\/527\/revisions"}],"predecessor-version":[{"id":601,"href":"https:\/\/www.bcerezasophrohyp.fr\/index.php?rest_route=\/wp\/v2\/pages\/527\/revisions\/601"}],"wp:attachment":[{"href":"https:\/\/www.bcerezasophrohyp.fr\/index.php?rest_route=%2Fwp%2Fv2%2Fmedia&parent=527"}],"curies":[{"name":"wp","href":"https:\/\/api.w.org\/{rel}","templated":true}]}}